{"id":113,"date":"2018-06-28T12:36:54","date_gmt":"2018-06-28T10:36:54","guid":{"rendered":"https:\/\/gesamtschule-walsum.de\/?page_id=113"},"modified":"2020-01-16T11:07:40","modified_gmt":"2020-01-16T10:07:40","slug":"leitbild","status":"publish","type":"page","link":"https:\/\/gesamtschule-walsum.de\/?page_id=113","title":{"rendered":"Leitbild"},"content":{"rendered":"<p style=\"text-align: left;\">Das Leitbild der Gesamtschule Walsum fasst die grundlegenden Ideale unserer Schule zusammen. Die Gesamtschule Walsum tr\u00e4gt dabei ganz gezielt ihren Namen:<\/p>\n<p style=\"text-align: left;\">Wir sind verankert in Walsum. Wir sind die Schule f\u00fcr alle Kinder. Wir sind\u00a0<strong>&#8222;Die Stadtteilschule&#8220;<\/strong>.<\/p>\n<p>Die Schwerpunkte unserer Arbeit sehen wir in der Leistungsorientierung, im sozialen Engagement und dem Miteinander.<\/p>\n<p><a href=\"https:\/\/gesamtschule-walsum.de\/wp-content\/uploads\/2018\/07\/Logo2017Leitbild.jpg\"><img loading=\"lazy\" decoding=\"async\" class=\"alignleft size-full wp-image-309\" src=\"https:\/\/gesamtschule-walsum.de\/wp-content\/uploads\/2018\/07\/Logo2017Leitbild.jpg\" alt=\"\" width=\"764\" height=\"200\" srcset=\"https:\/\/gesamtschule-walsum.de\/wp-content\/uploads\/2018\/07\/Logo2017Leitbild.jpg 764w, https:\/\/gesamtschule-walsum.de\/wp-content\/uploads\/2018\/07\/Logo2017Leitbild-300x79.jpg 300w\" sizes=\"auto, (max-width: 764px) 100vw, 764px\" \/><\/a><\/p>\n<p>&nbsp;<\/p>\n<script>\r\n    jQuery(document).ready(function($){\r\n        \r\n                wizard_accordion  = $(\"#accordions-1242.accordions .items\").accordion({\r\n                    event: \"click\",\r\n                    collapsible:true,\r\n                    heightStyle: \"content\",\r\n                    animate: (\"linear\", 1000),\r\n                    navigation: true,\r\n                    active: 999999,\r\n                                        changestart: function(event, ui) {\r\n                        child.accordion(\"activate\", false);\r\n                    }\r\n                    });\r\n                    var child = $(\".child-accordion .items\").accordion({\r\n                        active:true,\r\n                                                heightStyle: \"content\",\r\n                        collapsible: true,\r\n                        animated: \"swing\",\r\n                    });\r\n                    $(\".previous, .next\").click(function () {\r\n                        var index = 0;\r\n                        console.log(\"gCurrentIndex:\"+gCurrentIndex);\r\n                        console.log(\"index:\"+index);\r\n                        if ($(this).hasClass(\"next\")) {\r\n                            index = gCurrentIndex + 1;\r\n                            if (index > ACCORDION_PANEL_COUNT ) {\r\n                                index = ACCORDION_PANEL_COUNT;\r\n                            }\r\n                        }\r\n                        else {\r\n                            index = gCurrentIndex - 1;\r\n                            if (index < 0) {\r\n                                index = 0;\r\n                            }\r\n                        }\r\n                        wizard_accordion.accordion(\"option\", \"active\", index);\r\n                    });\r\n\r\n                })\r\n<\/script><style type='text\/css'>\r\n#accordions-1242 {\r\n    text-align: left;\r\n}\r\n#accordions-1242{\r\n    background: url() repeat scroll 0 0;\r\n    padding: 0;\r\n}\r\n#accordions-1242 .accordions-head{\r\n    background:rgba(0,124,186, 1) none repeat scroll 0 0;\r\n    margin:1px;\r\n    padding:10px;\r\n}\r\n#accordions-1242 .accordions-head-title{\r\n    color:#ffffff;\r\n    font-size:14px;\r\n    font-family:Arial;\r\n}\r\n#accordions-1242 .accordions-head-title-toogle{\r\n    color:#ffffff;\r\n    font-size:14px;\r\n}\r\n#accordions-1242 .accordions-head:hover .accordions-head-title{\r\n    color:#ffffff;\r\n}\r\n#accordions-1242 .ui-state-active{\r\n    background: #004566;\r\n}\r\n#accordions-1242 .accordion-content{\r\n    background:rgba(255,255,255,1) none repeat scroll 0 0;\r\n    color:#333333;\r\n    font-size:18;\r\n    font-family:Arial;\r\n    margin:0;\r\n    padding:10px;\r\n}\r\n#accordions-1242 .accordion-icons{\r\n    color:#ffffff;\r\n    font-size:16px;\r\n    padding:0px;\r\n    background: ;\r\n}\r\n#accordions-1242 .accordions-head:hover .accordion-icons{\r\n    color:#ffffff;\r\n}\r\n\r\n#accordions-1242 .expand-collapse{\r\n    }\r\n\r\n\r\n\r\n@media screen and (min-width: 1200px) {\r\n    #accordions-1242 {\r\n        width: 100%;\r\n    }\r\n}\r\n\r\n@media screen and (max-width:1199px) and (min-width: 768px) {\r\n    #accordions-1242 {\r\n        width: 100%;\r\n    }\r\n}\r\n\r\n@media screen and (max-width: 767px) {\r\n    #accordions-1242 {\r\n        width: 100%;\r\n    }\r\n}\r\n\r\n\r\n\r\n\r\n<\/style>\r\n<div id=\"accordions-1242\" class=\"accordions accordions-themes rounded accordions-1242\">\r\n<div class=\"top-navs\">\r\n\r\n        \r\n\r\n<\/div>\r\n\r\n\t<div class=\"items\">\r\n\t    <div post_id=\"1242\" header_id=\"header-1579017971443\" id=\"header-1579017971443\" style=\"\" class=\"accordions-head head1579017971443\" toogle-text=\"\" main-text=\"leistungsorientiert\" >\r\n            <div class=\"accordion-icons left accordion-plus fa fas fa-chevron-up\"><\/div>\r\n        <div class=\"accordion-icons left accordion-minus fa fas fa-chevron-down\"><\/div>\r\n            <div id=\"header-text-1579017971443\"    class=\"accordions-head-title\">leistungsorientiert<\/div>\r\n        <\/div><div class=\"accordion-content content1579017971443\">\r\n    <p><strong><img loading=\"lazy\" decoding=\"async\" class=\"alignleft\" src=\"https:\/\/gesamtschule-walsum.de\/wp-content\/uploads\/2018\/06\/L-WEB.jpg\" width=\"90\" height=\"90\" \/>Wir sind ...<\/strong><\/p>\n<p>... eine leistungsorientierte Bildungseinrichtung mit differenzierenden und integrativen Angeboten.<\/p>\n<p><strong>Vielf\u00e4ltige Ma\u00dfnahmen ...<\/strong><\/p>\n<p>... wie ein leistungs- und neigungsdifferenziertes F\u00e4cherangebot sowie ein innovatives Sprachkonzept erm\u00f6glichen eine Individualisierung der Schullaufbahn mit dem Ziel des bestm\u00f6glichen Schulabschlusses.<\/p>\n<p><strong>Unser Unterricht ...<\/strong><\/p>\n<p>... f\u00f6rdert und fordert jede Sch\u00fclerin und jeden Sch\u00fcler im gemeinsamen Lernen gem\u00e4\u00df individueller\u00a0 Begabungen und Neigungen. Wir betrachten die F\u00f6rderung der deutschen Sprache als ein f\u00e4cher\u00fcbergreifendes Ziel \u2013 einschlie\u00dflich der F\u00f6rderung der Fachsprachlichkeit in allen F\u00e4chern.<\/p>\n<p><strong>Im Kollegium ...<\/strong><\/p>\n<p>... erg\u00e4nzen sich p\u00e4dagogische und fachliche Absprachen. Dabei legen wir Wert auf die Vergleichbarkeit und Transparenz bei der Leistungsbewertung.<\/p>\n<p><strong>In der Schulgemeinde ...<\/strong><\/p>\n<p>... legen wir Wert darauf, dass Erziehungsberechtigte die Schullaufbahn ihrer Kinder verantwortungsbewusst unterst\u00fctzen.<\/p>\n<\/div>    <div post_id=\"1242\" header_id=\"header-1579019251825\" id=\"header-1579019251825\" style=\"\" class=\"accordions-head head1579019251825\" toogle-text=\"\" main-text=\"sozial engagiert\" >\r\n            <div class=\"accordion-icons left accordion-plus fa fas fa-chevron-up\"><\/div>\r\n        <div class=\"accordion-icons left accordion-minus fa fas fa-chevron-down\"><\/div>\r\n            <div id=\"header-text-1579019251825\"    class=\"accordions-head-title\">sozial engagiert<\/div>\r\n        <\/div><div class=\"accordion-content content1579019251825\">\r\n    <p><strong><img loading=\"lazy\" decoding=\"async\" class=\"alignleft\" src=\"https:\/\/gesamtschule-walsum.de\/wp-content\/uploads\/2018\/06\/S-WEB.jpg\" width=\"90\" height=\"90\" \/>Wir sind ...<\/strong><\/p>\n<p><strong>...\u00a0<\/strong>eine Schule f\u00fcr alle Kinder, unabh\u00e4ngig von sozialer Herkunft, Konfession, Nationalit\u00e4t, Migrationshintergrund oder Leistungsverm\u00f6gen.<\/p>\n<p><strong>Vielf\u00e4ltige Ma\u00dfnahmen ...<\/strong><\/p>\n<p>... wie\u00a0<em>Soziales Lernen<\/em>\u00a0als Unterrichtsfach, unsere Beratungsangebote f\u00fcr Sch\u00fclerinnen und Sch\u00fcler oder unser Engagement im humanit\u00e4ren Sinne unterstreichen unser soziales Profil. Sch\u00fclerinnen und Sch\u00fcler haben die Gelegenheit, als\u00a0 Mentoren und Tutoren das Lernen zu begleiten.<\/p>\n<p><strong>Unser Unterricht ...<\/strong><\/p>\n<p>... unterst\u00fctzt durch eine Vielfalt an Lehr- und Lernformen das soziale Lernen. Er leitet Sch\u00fclerinnen und Sch\u00fcler zum ehren-amtlichen und humanit\u00e4ren Handeln an.<\/p>\n<p><strong>Im Kollegium ...<\/strong><\/p>\n<p><strong>...\u00a0<\/strong>leben wir Unterst\u00fctzung und Hilfe zur gegenseitigen Entlastung. Wir begleiten unsere Sch\u00fclerinnen und Sch\u00fcler im Unterricht und \u00fcber diesen hinaus.<\/p>\n<p><strong>In der Schulgemeinde ...<\/strong><\/p>\n<p><strong>...\u00a0<\/strong>mit ihren vielf\u00e4ltigen Pers\u00f6nlichkeiten und Anschauungen legen wir Wert auf einen respektvollen und toleranten Umgang.<\/p>\n<\/div>    <div post_id=\"1242\" header_id=\"header-1579169103052\" id=\"header-1579169103052\" style=\"\" class=\"accordions-head head1579169103052\" toogle-text=\"\" main-text=\"miteinander\" >\r\n            <div class=\"accordion-icons left accordion-plus fa fas fa-chevron-up\"><\/div>\r\n        <div class=\"accordion-icons left accordion-minus fa fas fa-chevron-down\"><\/div>\r\n            <div id=\"header-text-1579169103052\"    class=\"accordions-head-title\">miteinander<\/div>\r\n        <\/div><div class=\"accordion-content content1579169103052\">\r\n    <p><strong><img loading=\"lazy\" decoding=\"async\" class=\"alignleft\" src=\"https:\/\/gesamtschule-walsum.de\/wp-content\/uploads\/2018\/06\/M-WEB.jpg\" width=\"90\" height=\"90\" \/>Wir sind ...<\/strong><\/p>\n<p><strong>...\u00a0<\/strong>in Walsum als Stadtteilschule verankert. Der Dialog mit au\u00dfer-schulischen Partnern, die Kooperation mit benachbarten Schulen, ortsans\u00e4ssigen Unternehmen und die intensive Zusammenarbeit mit den Eltern sind unverzichtbarer Bestandteil unseres Schulalltags.<\/p>\n<p><strong>Vielf\u00e4ltige Ma\u00dfnahmen ...<\/strong><\/p>\n<p><strong>...\u00a0<\/strong>unter Beteiligung von Eltern, durch berufsorientierende Aktivit\u00e4ten oder\u00a0 Hospitationen in anderen Bildungseinrichtungen erm\u00f6glichen uns, Schule als eine gemeinsame Aufgabe von Lehrern, Sch\u00fclern, Erziehungsberechtigten und Partnern anzusehen.<\/p>\n<p><strong>Unser Unterricht ...<\/strong><\/p>\n<p><strong>...\u00a0<\/strong>f\u00f6rdert und fordert das Lernen im Team. Unser Ganztag erm\u00f6glicht uns, Schule als Lebensraum umzusetzen.<\/p>\n<p><strong>Im Kollegium ...<\/strong><\/p>\n<p>... halten wir Absprachen ein und legen Wert auf p\u00e4dagogische Geschlossenheit.\u00a0Der Dialog zwischen Schulleitung, Kollegium, Verwaltungspersonal, Erziehungsberechtigten, Sch\u00fclerinnen und Sch\u00fclern ist offen und vertrauensvoll. In der Beratung begegnen wir uns mit Achtung und Respekt.<\/p>\n<p><strong>In der Schulgemeinde ...<\/strong><\/p>\n<p><strong>...\u00a0<\/strong>legen wir Wert darauf, wichtige Entscheidungen von allgemeiner Bedeutung unter fr\u00fchzeitiger Beteiligung aller Betroffenen mit der n\u00f6tigen Transparenz und mit m\u00f6glichst hohem Konsens \u2013 im unterrichtlichen wie im au\u00dferunterrichtlichen Bereich \u2013 zu treffen.<\/p>\n<\/div>\r\n\t<\/div>\r\n<\/div>\r\n\t\t\r\n\n","protected":false},"excerpt":{"rendered":"<p>Das Leitbild der Gesamtschule Walsum fasst die grundlegenden Ideale unserer Schule zusammen. Die Gesamtschule Walsum tr\u00e4gt dabei ganz gezielt ihren Namen: Wir sind verankert in Walsum. Wir sind die Schule <a class=\"more-link\" href=\"https:\/\/gesamtschule-walsum.de\/?page_id=113\">&#8230; weiterlesen<\/a><\/p>\n","protected":false},"author":1,"featured_media":0,"parent":111,"menu_order":1,"comment_status":"closed","ping_status":"closed","template":"","meta":{"footnotes":""},"class_list":["post-113","page","type-page","status-publish","hentry"],"_links":{"self":[{"href":"https:\/\/gesamtschule-walsum.de\/index.php?rest_route=\/wp\/v2\/pages\/113","targetHints":{"allow":["GET"]}}],"collection":[{"href":"https:\/\/gesamtschule-walsum.de\/index.php?rest_route=\/wp\/v2\/pages"}],"about":[{"href":"https:\/\/gesamtschule-walsum.de\/index.php?rest_route=\/wp\/v2\/types\/page"}],"author":[{"embeddable":true,"href":"https:\/\/gesamtschule-walsum.de\/index.php?rest_route=\/wp\/v2\/users\/1"}],"replies":[{"embeddable":true,"href":"https:\/\/gesamtschule-walsum.de\/index.php?rest_route=%2Fwp%2Fv2%2Fcomments&post=113"}],"version-history":[{"count":9,"href":"https:\/\/gesamtschule-walsum.de\/index.php?rest_route=\/wp\/v2\/pages\/113\/revisions"}],"predecessor-version":[{"id":1243,"href":"https:\/\/gesamtschule-walsum.de\/index.php?rest_route=\/wp\/v2\/pages\/113\/revisions\/1243"}],"up":[{"embeddable":true,"href":"https:\/\/gesamtschule-walsum.de\/index.php?rest_route=\/wp\/v2\/pages\/111"}],"wp:attachment":[{"href":"https:\/\/gesamtschule-walsum.de\/index.php?rest_route=%2Fwp%2Fv2%2Fmedia&parent=113"}],"curies":[{"name":"wp","href":"https:\/\/api.w.org\/{rel}","templated":true}]}}