{"id":121,"date":"2018-06-28T12:37:41","date_gmt":"2018-06-28T10:37:41","guid":{"rendered":"https:\/\/gesamtschule-walsum.de\/?page_id=121"},"modified":"2024-02-20T11:57:53","modified_gmt":"2024-02-20T10:57:53","slug":"inklusion","status":"publish","type":"page","link":"https:\/\/gesamtschule-walsum.de\/?page_id=121","title":{"rendered":"Inklusion"},"content":{"rendered":"<p class=\"s4\"><span class=\"s5\">Die folgenden Informationen sind <\/span><span class=\"s5\">kein<\/span><span class=\"s5\"> Konzept, spiegeln aber <\/span><span class=\"s5\">grundlegende Gedanken: <\/span><\/p>\n<p class=\"s4\"><strong><span class=\"s6\">Was <\/span><span class=\"s6\">verstehen wir unter Inklusion?<\/span><\/strong><\/p>\n<p class=\"s4\"><span class=\"s5\">Inklusion ist<\/span> <span class=\"s5\">eine wichtige Aufgabe in unserer Gesellschaft. So auch an unserer Schule.<\/span><\/p>\n<p class=\"s4\"><span class=\"s7\">Das \u201eGemeinsame Lernen\u201c ist schon seit \u00fcber 14 Jahren Teil des Schullebens an der Gesamtschule Walsum. <\/span><span class=\"s7\">Alle Sch\u00fclerinnen und Sch\u00fcler lernen hier ge<\/span><span class=\"s7\">meinsam, entdecken ihre St\u00e4rken, <\/span><span class=\"s7\">arbeiten an ihren Schw\u00e4chen und entwickeln sich pers\u00f6nlich weiter. Der Begriff Inklusion umfasst alle <\/span><span class=\"s7\">Kinder <\/span><span class=\"s7\">an unserer Schule. <\/span><\/p>\n<p class=\"s4\"><span class=\"s7\">Kinder mit unterschiedlichsten Bed\u00fcrfnissen werden an unserer Schule unterrichtet, zum Beispiel<\/span><span class=\"s7\">:<\/span><\/p>\n<div class=\"s9\"><span class=\"s5\">&#8211; <\/span><span class=\"s7\">einige, die <\/span><span class=\"s7\">viele Anregungen und Informationen brauchen<\/span><span class=\"s7\">, <\/span><span class=\"s8\">weil sie schnell lernen<\/span><span class=\"s7\">, und andere<\/span><span class=\"s8\">, die <\/span><span class=\"s7\">Unterst\u00fctzung<\/span> <span class=\"s7\">ben\u00f6tigen<\/span> <span class=\"s8\">oder<\/span> <span class=\"s7\">ganz andere Lernwege brauchen<\/span><span class=\"s7\">;<\/span><\/div>\n<div class=\"s9\"><span class=\"s5\">&#8211; <\/span><span class=\"s7\">einige<\/span><span class=\"s7\">, <\/span><span class=\"s8\">die<\/span> <span class=\"s7\">sich <\/span><span class=\"s7\">durchgehend am Unterricht beteiligen<\/span><span class=\"s7\">, und andere, die <\/span><span class=\"s8\">nicht <\/span><span class=\"s8\">deutlich oder gar nicht <\/span><span class=\"s7\">sprechen<\/span><span class=\"s7\">und sich deswegen im Unterricht zur\u00fcckhalten<\/span><span class=\"s7\">;<\/span><\/div>\n<div class=\"s9\"><span class=\"s5\">&#8211; <\/span><span class=\"s7\">einige<\/span> <span class=\"s8\">mit gro\u00dfen <\/span><span class=\"s8\">sozial<\/span><span class=\"s8\">en<\/span> <span class=\"s7\">Kompetenzen<\/span><span class=\"s7\">, die sich auch um andere k\u00fcmmern<\/span><span class=\"s7\">,<\/span> <span class=\"s7\">und <\/span><span class=\"s8\">andere, <\/span><span class=\"s8\">die <\/span><span class=\"s8\">diese Kompetenzen<\/span><span class=\"s8\"> noch <\/span><span class=\"s8\">erwerb<\/span><span class=\"s8\">en <\/span><span class=\"s7\">m\u00fcssen<\/span><span class=\"s7\">.<\/span><\/div>\n<p class=\"s4\"><span class=\"s7\">Diese Beispiele lassen sich fortf\u00fchren. Sie zeigen vor allem:<\/span><\/p>\n<p class=\"s4\"><span class=\"s7\">Wir stellen uns <\/span><span class=\"s8\">de<\/span><span class=\"s8\">n<\/span><span class=\"s8\"> Herausforderung<\/span><span class=\"s8\">en<\/span><span class=\"s7\">, <\/span><span class=\"s7\">auf d<\/span><span class=\"s7\">ie <\/span><span class=\"s7\">individuellen <\/span><span class=\"s7\">Bed\u00fcrfnisse jedes einzelnen Kindes einzugehen. <\/span><span class=\"s8\">W<\/span><span class=\"s8\">ir betrachten <\/span><span class=\"s8\">die Inklusion<\/span><span class=\"s8\"> als <\/span><span class=\"s8\">gro\u00dfe<\/span><span class=\"s8\">Chance, dass alle<\/span><span class=\"s8\"> nicht nur<\/span><span class=\"s8\"> voneinander<\/span><span class=\"s8\">, sondern auch<\/span><span class=\"s8\">miteinander lernen<\/span><span class=\"s8\"> k\u00f6nnen<\/span><span class=\"s8\">. <\/span><\/p>\n<p class=\"s4\">\n<p class=\"s4\"><strong><span class=\"s10\">Was bedeutet Inklusion im schulischen Alltag? <\/span><\/strong><\/p>\n<p class=\"s4\"><span class=\"s7\">Im Schulalltag nimmt man Inklusion besonders da<\/span><span class=\"s7\">nn<\/span><span class=\"s7\"> wahr, <\/span><span class=\"s8\">wenn<\/span> <span class=\"s7\">alle Sch\u00fclerinnen und Sch\u00fcler auf ihrem jeweiligen Niveau <\/span><span class=\"s8\">lern<\/span><span class=\"s8\">en und <\/span><span class=\"s8\">einige <\/span><span class=\"s8\">dabei<\/span><span class=\"s8\"> zus\u00e4tzlich<\/span><span class=\"s8\">e<\/span><span class=\"s7\">sonderp\u00e4dagogische F\u00f6rderung erhalten.<\/span><\/p>\n<p class=\"s4\"><span class=\"s7\">Aktuell werden weit \u00fcber 100 Sch\u00fcler*innen mit F\u00f6rderbedarf in den Jahrgangsstufen 5 bis 10 unterrichtet<\/span><span class=\"s11\">.<\/span><span class=\"s8\">Am h\u00e4ufigsten <\/span><span class=\"s7\">sind d<\/span><span class=\"s7\">ie <\/span><span class=\"s7\">F\u00f6rderschwerpunkte\u00a0\u201e<\/span><span class=\"s7\">emotionale und soziale Entwicklung<\/span><span class=\"s7\">\u201c,<\/span> <span class=\"s7\">\u201eLernen\u201c<\/span><span class=\"s7\"> und \u201eSprache\u201c<\/span><span class=\"s7\">. Zu Beginn eines jeden Schuljahres werden die angemeldeten Sch\u00fcler*innen auf die Klassen des 5. Jahrgangs verteilt<\/span><span class=\"s7\">.<\/span><span class=\"s8\">Da<\/span><span class=\"s8\">bei<\/span> <span class=\"s7\">werden <\/span><span class=\"s7\">die Lernbed\u00fcrfnisse aller Sch\u00fcler*innen <\/span><span class=\"s8\">bestm\u00f6glich <\/span><span class=\"s7\">ber\u00fccksichtigt.<\/span><\/p>\n<p class=\"s4\"><span class=\"s7\">Die Unterst\u00fctzung durch unsere <\/span><span class=\"s7\">Sonderp\u00e4dagog<\/span><span class=\"s7\">*innen und \u201eMPT-Kr\u00e4fte\u201c geschieht auf v\u00f6llig unterschiedliche<\/span> <span class=\"s8\">Art und Weise.<\/span> <span class=\"s8\">Sie<\/span><span class=\"s8\"> h\u00e4ngt von den Be<\/span><span class=\"s8\">sonderheit<\/span><span class=\"s8\">en <\/span><span class=\"s7\">jedes einzelnen Kindes ab<\/span><span class=\"s7\">, <\/span><span class=\"s7\">z.B. <\/span><span class=\"s7\">differenzierte Lerninhalte oder Klassenarbeiten, <\/span><span class=\"s8\">individuell angepasste<\/span><span class=\"s8\"> Hil<\/span><span class=\"s8\">festellungen<\/span><span class=\"s8\">, <\/span><span class=\"s8\">differenziert<\/span><span class=\"s8\">e Aufgaben, Einzelf\u00f6rderung, Kleingruppenf\u00f6rderung \u2013 <\/span><span class=\"s8\">oder <\/span><span class=\"s8\">vieles <\/span><span class=\"s8\">andere<\/span><span class=\"s8\"> mehr.<\/span><span class=\"s8\"> \u00a0<\/span><\/p>\n<p class=\"s4\">\n<p class=\"s4\"><strong><span class=\"s10\">Wie ist die Inklusion im Unterricht organisiert<\/span><span class=\"s10\">? <\/span><\/strong><\/p>\n<p class=\"s4\"><span class=\"s7\">In unserer Schule setzen sich viele Mitarbeiter*innen f\u00fcr eine \u201einklusive\u201c Schulkultur ein. Erster Ansprechpartner f\u00fcr Sie ist immer das Klassenleitungsteam. <\/span><span class=\"s8\">Dazu kommen<\/span><span class=\"s8\">Sonderp\u00e4dagog<\/span><span class=\"s8\">*innen, Multiprofessionelle Teams, <\/span><span class=\"s8\">Sozialp\u00e4dagog<\/span><span class=\"s8\">*innen, evtl. Integrationshilfen <\/span><span class=\"s8\">und viele weitere <\/span><span class=\"s8\">Mitarbeiter*innen<\/span><span class=\"s8\">,<\/span> <span class=\"s7\">die<\/span> <span class=\"s8\">mit den Kindern<\/span><span class=\"s8\"> gemeinsam daran arbeiten, dass <\/span><span class=\"s8\">sie<\/span> <span class=\"s8\">m\u00f6glichst <\/span><span class=\"s8\">erfolgreich durch <\/span><span class=\"s8\">ihr<\/span><span class=\"s8\">e Schul<\/span><span class=\"s8\">zeit<\/span><span class=\"s8\"> gehen<\/span><span class=\"s8\">.<\/span><\/p>\n<p>&nbsp;<\/p>\n<p class=\"s4\"><strong><span class=\"s8\">Als <\/span><span class=\"s8\">Grundsatz <\/span><span class=\"s8\">gilt:<\/span><\/strong><\/p>\n<p class=\"s4\"><span class=\"s8\">\u201eSo viel gemeinsamer Unterricht <\/span><span class=\"s8\">wie m\u00f6glich<\/span><span class=\"s8\"> &#8211; <\/span><span class=\"s8\">Einzel- oder Kleingruppenf<\/span><span class=\"s8\">\u00f6rderun<\/span><span class=\"s8\">g, wenn n\u00f6tig<\/span><span class=\"s8\">\u201c<\/span><span class=\"s8\">:<\/span><\/p>\n<p class=\"s4\"><span class=\"s8\">Das bedeutet, dass die<\/span><span class=\"s8\"> F\u00f6rdersch\u00fcler<\/span><span class=\"s8\">*<\/span><span class=\"s8\">\u00ecnnen<\/span> <span class=\"s8\">so viel wie m\u00f6glich gemeinsam mit <\/span><span class=\"s8\">ihr<\/span><span class=\"s8\">en <\/span><span class=\"s8\">Klassenkameradinnen und Klassenkameraden<\/span><span class=\"s8\"> unterrichtet<\/span><span class=\"s8\"> werden.<\/span> <span class=\"s8\">Wenn <\/span><span class=\"s8\">es n<\/span><span class=\"s8\">o<\/span><span class=\"s8\">t<\/span><span class=\"s8\">wendig<\/span><span class=\"s8\"> ist, <\/span><span class=\"s8\">kann aber eine<\/span> <span class=\"s8\">Einzelf\u00f6rderung <\/span><span class=\"s8\">oder <\/span><span class=\"s8\">die F\u00f6rderung in einer <\/span><span class=\"s8\">Kleingruppe<\/span><span class=\"s8\"> sinnvoll sein<\/span><span class=\"s8\">.<\/span><span class=\"s8\"> Flexibilit\u00e4t im <\/span><span class=\"s8\">Hinblick auf die Bed\u00fcrfnisse<\/span><span class=\"s8\"> des Kindes spiel<\/span><span class=\"s8\">en dabei die wichtigste Rolle.<\/span> <span class=\"s8\">Neben der Entwicklung der Pers\u00f6nlichkeit ist es immer das Ziel<\/span><span class=\"s8\">, den bestm\u00f6glichen Abschluss <\/span><span class=\"s8\">zu er<\/span><span class=\"s8\">m\u00f6glich<\/span><span class=\"s8\">en. <\/span><\/p>\n<p class=\"s4\"><span class=\"s7\">Die Fachkonferenz \u201eGemeinsames Lernen\u201c <\/span><span class=\"s7\">koordiniert die einzelnen Entscheidungen und sorgt f\u00fcr die Weiterentwicklung <\/span><span class=\"s7\">der Inklusion an unserer Schule. <\/span><\/p>\n<p class=\"s4\">\n<p class=\"s4\"><strong><span class=\"s10\">Gibt es keine Schwierigkeiten mit der Inklusion<\/span><span class=\"s10\">? <\/span><\/strong><\/p>\n<p class=\"s4\"><span class=\"s8\">Doch!<\/span><\/p>\n<p class=\"s4\"><span class=\"s7\">Wir <\/span><span class=\"s8\">sind<\/span><span class=\"s8\"> zwar <\/span><span class=\"s7\">\u00fcberzeugt von den M\u00f6glichkeiten und Chancen der Inklusion, weil wir die Erfahrung gemacht haben, dass alle Sch\u00fcler<\/span><span class=\"s7\">*innen davon profitieren.<\/span><\/p>\n<p class=\"s12\"><span class=\"s7\">Denn<\/span><span class=\"s7\">och<\/span><span class=\"s7\">: <\/span><span class=\"s7\">Im<\/span><span class=\"s7\"> schulischen Alltag<\/span><span class=\"s7\"> gibt es Grenzen<\/span><span class=\"s7\">, z.B. <\/span><\/p>\n<p class=\"s12\"><span class=\"s7\">&#8211; \u2026 weil wir nicht gen\u00fcgend Lehrer*innen haben, <\/span><\/p>\n<p class=\"s12\"><span class=\"s7\">&#8211; \u2026 weil wir nicht gen\u00fcgend R\u00e4ume haben, <\/span><\/p>\n<p class=\"s12\"><span class=\"s7\">&#8211; \u2026weil die Ausstattung nicht optimal ist,<\/span><\/p>\n<p class=\"s12\"><span class=\"s7\">&#8211; \u2026 weil wir alle <\/span><span class=\"s8\">weiter <\/span><span class=\"s8\">lernen m\u00fcssen, wie Inklusion <\/span><span class=\"s8\">funktionier<\/span><span class=\"s8\">t und wir immer wieder neuen Bed\u00fcrfnissen und Situationen begegnen,<\/span><span class=\"s8\"> auf die es zu reagieren gilt<\/span><span class=\"s8\">.<\/span><\/p>\n<p class=\"s12\">\n<p class=\"s4\"><span class=\"s7\">Inklusion klappt nur dann, wenn <\/span><span class=\"s8\">sich<\/span> <span class=\"s8\">alle <\/span><span class=\"s7\">gemeinsam auf den Weg machen<\/span><span class=\"s7\">.<\/span><\/p>\n<p class=\"s4\">\n","protected":false},"excerpt":{"rendered":"<p>Die folgenden Informationen sind kein Konzept, spiegeln aber grundlegende Gedanken: Was verstehen wir unter Inklusion? Inklusion ist eine wichtige Aufgabe in unserer Gesellschaft. So auch an unserer Schule. Das \u201eGemeinsame <a class=\"more-link\" href=\"https:\/\/gesamtschule-walsum.de\/?page_id=121\">&#8230; weiterlesen<\/a><\/p>\n","protected":false},"author":1,"featured_media":0,"parent":111,"menu_order":2,"comment_status":"closed","ping_status":"closed","template":"","meta":{"footnotes":""},"class_list":["post-121","page","type-page","status-publish","hentry"],"_links":{"self":[{"href":"https:\/\/gesamtschule-walsum.de\/index.php?rest_route=\/wp\/v2\/pages\/121","targetHints":{"allow":["GET"]}}],"collection":[{"href":"https:\/\/gesamtschule-walsum.de\/index.php?rest_route=\/wp\/v2\/pages"}],"about":[{"href":"https:\/\/gesamtschule-walsum.de\/index.php?rest_route=\/wp\/v2\/types\/page"}],"author":[{"embeddable":true,"href":"https:\/\/gesamtschule-walsum.de\/index.php?rest_route=\/wp\/v2\/users\/1"}],"replies":[{"embeddable":true,"href":"https:\/\/gesamtschule-walsum.de\/index.php?rest_route=%2Fwp%2Fv2%2Fcomments&post=121"}],"version-history":[{"count":10,"href":"https:\/\/gesamtschule-walsum.de\/index.php?rest_route=\/wp\/v2\/pages\/121\/revisions"}],"predecessor-version":[{"id":3126,"href":"https:\/\/gesamtschule-walsum.de\/index.php?rest_route=\/wp\/v2\/pages\/121\/revisions\/3126"}],"up":[{"embeddable":true,"href":"https:\/\/gesamtschule-walsum.de\/index.php?rest_route=\/wp\/v2\/pages\/111"}],"wp:attachment":[{"href":"https:\/\/gesamtschule-walsum.de\/index.php?rest_route=%2Fwp%2Fv2%2Fmedia&parent=121"}],"curies":[{"name":"wp","href":"https:\/\/api.w.org\/{rel}","templated":true}]}}