{"id":146,"date":"2018-06-28T17:55:19","date_gmt":"2018-06-28T15:55:19","guid":{"rendered":"https:\/\/gesamtschule-walsum.de\/?page_id=146"},"modified":"2020-01-16T11:23:11","modified_gmt":"2020-01-16T10:23:11","slug":"berufsorientierung","status":"publish","type":"page","link":"https:\/\/gesamtschule-walsum.de\/?page_id=146","title":{"rendered":"Berufsorientierung"},"content":{"rendered":"<p>Die Aktionen, Projekte und Ma\u00dfnahmen der Berufsorientierung an der Gesamtschule Walsum sollen unseren Sch\u00fclerinnen und Sch\u00fclern helfen, sich ihrer St\u00e4rken und Interessen bewusst zu werden und realistische, berufliche Perspektiven zu entwickeln. Dabei werden sie von Lehrerinnen und Lehrern, aber auch von Fachleuten aus der Wirtschaft oder anderen Bereichen, begleitet und unterst\u00fctzt.<\/p>\n<p>Das Landesvorhaben &#8222;Kein Abschluss ohne Anschluss &#8211; \u00dcbergang Schule-Beruf in NRW&#8220; (KAoA) schafft f\u00fcr alle Schulen und Kommunen in Nordrhein-Westfalen einen verbindlichen Rahmen f\u00fcr die Gestaltung des \u00dcbergangs von der Schule in die Ausbildung oder ins Studium.<\/p>\n<p><span class=\"lightbox\">Die Standardelemente stellen den Rahmen und die f\u00fcr alle Schulen verbindliche Basis des schulisch begleiteten Prozesses der Beruflichen Orientierung dar. Zu den verbindlichen Standardelementen geh\u00f6ren z.B. die Potentialanalyse in Jahrgang 8 und die Praktika in Jahrgang 9 und 10, sowie die Berufsberatung durch die Bundesagentur f\u00fcr Arbeit ab der 9. Klasse.<\/span><\/p>\n<p>Im Folgenden eine \u00dcbersicht \u00fcber die wichtigsten Berufsorientierungsma\u00dfnahmen:<\/p>\n<script>\r\n    jQuery(document).ready(function($){\r\n        \r\n                wizard_accordion  = $(\"#accordions-1246.accordions .items\").accordion({\r\n                    event: \"click\",\r\n                    collapsible:true,\r\n                    heightStyle: \"content\",\r\n                    animate: (\"linear\", 1000),\r\n                    navigation: true,\r\n                    active: 999999,\r\n                                        changestart: function(event, ui) {\r\n                        child.accordion(\"activate\", false);\r\n                    }\r\n                    });\r\n                    var child = $(\".child-accordion .items\").accordion({\r\n                        active:true,\r\n                                                heightStyle: \"content\",\r\n                        collapsible: true,\r\n                        animated: \"swing\",\r\n                    });\r\n                    $(\".previous, .next\").click(function () {\r\n                        var index = 0;\r\n                        console.log(\"gCurrentIndex:\"+gCurrentIndex);\r\n                        console.log(\"index:\"+index);\r\n                        if ($(this).hasClass(\"next\")) {\r\n                            index = gCurrentIndex + 1;\r\n                            if (index > ACCORDION_PANEL_COUNT ) {\r\n                                index = ACCORDION_PANEL_COUNT;\r\n                            }\r\n                        }\r\n                        else {\r\n                            index = gCurrentIndex - 1;\r\n                            if (index < 0) {\r\n                                index = 0;\r\n                            }\r\n                        }\r\n                        wizard_accordion.accordion(\"option\", \"active\", index);\r\n                    });\r\n\r\n                })\r\n<\/script><style type='text\/css'>\r\n#accordions-1246 {\r\n    text-align: left;\r\n}\r\n#accordions-1246{\r\n    background: url() repeat scroll 0 0;\r\n    padding: 0;\r\n}\r\n#accordions-1246 .accordions-head{\r\n    background:rgba(0,124,186, 1) none repeat scroll 0 0;\r\n    margin:1px;\r\n    padding:10px;\r\n}\r\n#accordions-1246 .accordions-head-title{\r\n    color:#ffffff;\r\n    font-size:14px;\r\n    font-family:Arial;\r\n}\r\n#accordions-1246 .accordions-head-title-toogle{\r\n    color:#ffffff;\r\n    font-size:14px;\r\n}\r\n#accordions-1246 .accordions-head:hover .accordions-head-title{\r\n    color:#ffffff;\r\n}\r\n#accordions-1246 .ui-state-active{\r\n    background: #004566;\r\n}\r\n#accordions-1246 .accordion-content{\r\n    background:rgba(255,255,255,1) none repeat scroll 0 0;\r\n    color:#333333;\r\n    font-size:18;\r\n    font-family:Arial;\r\n    margin:0;\r\n    padding:10px;\r\n}\r\n#accordions-1246 .accordion-icons{\r\n    color:#ffffff;\r\n    font-size:16px;\r\n    padding:0px;\r\n    background: ;\r\n}\r\n#accordions-1246 .accordions-head:hover .accordion-icons{\r\n    color:#ffffff;\r\n}\r\n\r\n#accordions-1246 .expand-collapse{\r\n    }\r\n\r\n\r\n\r\n@media screen and (min-width: 1200px) {\r\n    #accordions-1246 {\r\n        width: 100%;\r\n    }\r\n}\r\n\r\n@media screen and (max-width:1199px) and (min-width: 768px) {\r\n    #accordions-1246 {\r\n        width: 100%;\r\n    }\r\n}\r\n\r\n@media screen and (max-width: 767px) {\r\n    #accordions-1246 {\r\n        width: 100%;\r\n    }\r\n}\r\n\r\n\r\n\r\n\r\n<\/style>\r\n<div id=\"accordions-1246\" class=\"accordions accordions-themes rounded accordions-1246\">\r\n<div class=\"top-navs\">\r\n\r\n        \r\n\r\n<\/div>\r\n\r\n\t<div class=\"items\">\r\n\t    <div post_id=\"1246\" header_id=\"header-1579017971443\" id=\"header-1579017971443\" style=\"\" class=\"accordions-head head1579017971443\" toogle-text=\"\" main-text=\"Jahrgang 8\" >\r\n            <div class=\"accordion-icons left accordion-plus fa fas fa-chevron-up\"><\/div>\r\n        <div class=\"accordion-icons left accordion-minus fa fas fa-chevron-down\"><\/div>\r\n            <div id=\"header-text-1579017971443\"    class=\"accordions-head-title\">Jahrgang 8<\/div>\r\n        <\/div><div class=\"accordion-content content1579017971443\">\r\n    <ul>\n<li>Potentialanalyse (Sch\u00fcler\/Innen entdecken ihre St\u00e4rken und Schw\u00e4chen im Hinblick auf die Lebens- u. Arbeitswelt)<\/li>\n<li>Berufsfelderkundung (Sch\u00fclerInnen probieren sich in mindestens 3 Berufsfeldern praxisnah aus)<\/li>\n<li>Besuch des Berufsinformationszentrums (die Sch\u00fclerInnen lernen ihre Berufsberaterin und die Angebote der Bundesagentur f\u00fcr Arbeit kennen)<\/li>\n<li>Berufswahlpass (der Berufswahlpass dient als Informations-, Arbeits- und Dokumentationsmappe und begleitet die Sch\u00fclerInnen bis zum Ende ihrer Schulzeit)<\/li>\n<\/ul>\n<\/div>    <div post_id=\"1246\" header_id=\"header-1579170124340\" id=\"header-1579170124340\" style=\"\" class=\"accordions-head head1579170124340\" toogle-text=\"\" main-text=\"Jahrgang 9\" >\r\n            <div class=\"accordion-icons left accordion-plus fa fas fa-chevron-up\"><\/div>\r\n        <div class=\"accordion-icons left accordion-minus fa fas fa-chevron-down\"><\/div>\r\n            <div id=\"header-text-1579170124340\"    class=\"accordions-head-title\">Jahrgang 9<\/div>\r\n        <\/div><div class=\"accordion-content content1579170124340\">\r\n    <ul>\n<li>Projektwoche Berufsorientierung (die Sch\u00fclerInnen erhalten klassenweise Informationen durch die Berufsberaterin zum Thema Bewerbung, f\u00fchren Betriebsbesichtigungen durch und \u00fcben Bewerbungen und Vorstellungsgespr\u00e4che)<\/li>\n<li>Betriebspraktikum (die Sch\u00fclerInnen erproben sich zwei Wochen lang in einem selbstst\u00e4ndig gesuchten Praktikumsbetrieb)<\/li>\n<li>Berufseinstiegsbegleitung (Sch\u00fclerInnen mit F\u00f6rderbedarf werden gezielt auf Praktika und den Berufseinstieg vorbereitet und in der ersten Zeit der Ausbildung begleitet)<\/li>\n<li>Langzeitpraktikum (Sch\u00fclerInnen die Schwierigkeiten haben im Regelschulsystem den Hauptschulabschluss nach Klasse 10 zu erreichen besuchen die Praktikumsklasse. Sie werden an drei Tagen der Woche unterrichtet und gehen an zwei Tagen der Woche in einen Betrieb, absolvieren dort ein Langzeitpraktikum, um sich so f\u00fcr eine anschlie\u00dfende Ausbildung oder Besch\u00e4ftigung in dem Betrieb zu empfehlen)<\/li>\n<\/ul>\n<\/div>    <div post_id=\"1246\" header_id=\"header-1579170141811\" id=\"header-1579170141811\" style=\"\" class=\"accordions-head head1579170141811\" toogle-text=\"\" main-text=\"Jahrgang 10\" >\r\n            <div class=\"accordion-icons left accordion-plus fa fas fa-chevron-up\"><\/div>\r\n        <div class=\"accordion-icons left accordion-minus fa fas fa-chevron-down\"><\/div>\r\n            <div id=\"header-text-1579170141811\"    class=\"accordions-head-title\">Jahrgang 10<\/div>\r\n        <\/div><div class=\"accordion-content content1579170141811\">\r\n    <ul>\n<li>Betriebspraktikum (die zweite Gelegenheit f\u00fcr die Sch\u00fclerInnen sich zwei Wochen lang in der Arbeitswelt auszuprobieren)<\/li>\n<li>Duisburger Schulmodell\u00a0(Mitarbeiter der Industrie und Handelskammer helfen bei der Formulierung von Bewerbungsschreiben, vermitteln Vorstellungsgespr\u00e4che und beraten bei der Ausbildungsplatzsuche)<\/li>\n<li>Berufsberatung (die Berufsberaterin der Bundesagentur f\u00fcr Arbeit f\u00fchrt ca. einmal pro Monat Einzelberatungen in der Schule durch)<\/li>\n<li>Besuch von Ausbildungsmessen und Aktionstagen<\/li>\n<\/ul>\n<\/div>\r\n\t<\/div>\r\n<\/div>\r\n\t\t\r\n\n","protected":false},"excerpt":{"rendered":"<p>Die Aktionen, Projekte und Ma\u00dfnahmen der Berufsorientierung an der Gesamtschule Walsum sollen unseren Sch\u00fclerinnen und Sch\u00fclern helfen, sich ihrer St\u00e4rken und Interessen bewusst zu werden und realistische, berufliche Perspektiven zu <a class=\"more-link\" href=\"https:\/\/gesamtschule-walsum.de\/?page_id=146\">&#8230; weiterlesen<\/a><\/p>\n","protected":false},"author":1,"featured_media":0,"parent":111,"menu_order":4,"comment_status":"closed","ping_status":"closed","template":"","meta":{"footnotes":""},"class_list":["post-146","page","type-page","status-publish","hentry"],"_links":{"self":[{"href":"https:\/\/gesamtschule-walsum.de\/index.php?rest_route=\/wp\/v2\/pages\/146","targetHints":{"allow":["GET"]}}],"collection":[{"href":"https:\/\/gesamtschule-walsum.de\/index.php?rest_route=\/wp\/v2\/pages"}],"about":[{"href":"https:\/\/gesamtschule-walsum.de\/index.php?rest_route=\/wp\/v2\/types\/page"}],"author":[{"embeddable":true,"href":"https:\/\/gesamtschule-walsum.de\/index.php?rest_route=\/wp\/v2\/users\/1"}],"replies":[{"embeddable":true,"href":"https:\/\/gesamtschule-walsum.de\/index.php?rest_route=%2Fwp%2Fv2%2Fcomments&post=146"}],"version-history":[{"count":5,"href":"https:\/\/gesamtschule-walsum.de\/index.php?rest_route=\/wp\/v2\/pages\/146\/revisions"}],"predecessor-version":[{"id":1247,"href":"https:\/\/gesamtschule-walsum.de\/index.php?rest_route=\/wp\/v2\/pages\/146\/revisions\/1247"}],"up":[{"embeddable":true,"href":"https:\/\/gesamtschule-walsum.de\/index.php?rest_route=\/wp\/v2\/pages\/111"}],"wp:attachment":[{"href":"https:\/\/gesamtschule-walsum.de\/index.php?rest_route=%2Fwp%2Fv2%2Fmedia&parent=146"}],"curies":[{"name":"wp","href":"https:\/\/api.w.org\/{rel}","templated":true}]}}