{"id":160,"date":"2018-06-28T18:01:12","date_gmt":"2018-06-28T16:01:12","guid":{"rendered":"https:\/\/gesamtschule-walsum.de\/?page_id=160"},"modified":"2024-12-10T08:50:59","modified_gmt":"2024-12-10T07:50:59","slug":"informationen-zur-anmeldung","status":"publish","type":"page","link":"https:\/\/gesamtschule-walsum.de\/?page_id=160","title":{"rendered":"Informationen zur Anmeldung"},"content":{"rendered":"<p>Liebe Eltern, Erziehungsberechtigte und Sch\u00fcler*innen,<\/p>\n<p>bis zur Anmeldung zum 5.Jahrgang und der gymnasialen Oberstufe an den weiterf\u00fchrenden Schulen ist es nun nicht mehr weit.<\/p>\n<p>Einige Informationen m\u00f6chten wir Ihnen und Euch an dieser Stelle zur Verf\u00fcgung stellen, um einen Einblick in unsere Schule zu bekommen.<\/p>\n<p>&nbsp;<\/p>\n<p><strong>Downloads:<\/strong><\/p>\n<p>&nbsp;<\/p>\n<ul>\n<li><a href=\"http:\/\/gesamtschule-walsum.de\/wp-content\/uploads\/2024\/12\/2025.Anmeldeformular-Jg.5-Homepage.pdf\" target=\"_blank\" rel=\"noopener\">Anmeldeformular Jg. 5 2025<\/a><\/li>\n<li><a href=\"http:\/\/gesamtschule-walsum.de\/wp-content\/uploads\/2024\/12\/2025.Merkzettel-Anmeldung-5.pdf\" target=\"_blank\" rel=\"noopener\">Merkblatt zur Anmeldung Jg. 5 2025<\/a><\/li>\n<li><a href=\"http:\/\/gesamtschule-walsum.de\/wp-content\/uploads\/2023\/12\/Praesentation-Jg.5.pdf\" target=\"_blank\" rel=\"noopener\">Grundschulbildervortrag Jg. 5 2024<\/a><\/li>\n<\/ul>\n<p>&#8211; &#8211; &#8211; &#8211; &#8211; &#8211; &#8211; &#8211; &#8211;<\/p>\n<ul>\n<li><a href=\"http:\/\/gesamtschule-walsum.de\/wp-content\/uploads\/2024\/12\/Anmeldeformular-Oberstufe-Externe.pdf\" target=\"_blank\" rel=\"noopener\">Anmeldeformular EF 2025 \/ Abitur 2028<\/a><\/li>\n<li><a href=\"http:\/\/gesamtschule-walsum.de\/wp-content\/uploads\/2024\/12\/Merkzettel-Info-Termine-Anmeldung-2025.pdf\" target=\"_blank\" rel=\"noopener\">Merkblatt zur EF 2025 \/ Abitur 2028<\/a><\/li>\n<li><a href=\"http:\/\/gesamtschule-walsum.de\/wp-content\/uploads\/2024\/12\/PPT_TdoT_Abijg_2028.pdf\" target=\"_blank\" rel=\"noopener\">Belegungsbedingungen EF 2025<\/a><\/li>\n<\/ul>\n<p>&#8211; &#8211; &#8211; &#8211; &#8211; &#8211; &#8211; &#8211; &#8211;<\/p>\n<ul>\n<li><a href=\"https:\/\/gesamtschule-walsum.de\/?page_id=162\">weitere Downloads &#8230;<\/a><\/li>\n<\/ul>\n<p>&nbsp;<\/p>\n","protected":false},"excerpt":{"rendered":"<p>Liebe Eltern, Erziehungsberechtigte und Sch\u00fcler*innen, bis zur Anmeldung zum 5.Jahrgang und der gymnasialen Oberstufe an den weiterf\u00fchrenden Schulen ist es nun nicht mehr weit. Einige Informationen m\u00f6chten wir Ihnen und <a class=\"more-link\" href=\"https:\/\/gesamtschule-walsum.de\/?page_id=160\">&#8230; weiterlesen<\/a><\/p>\n","protected":false},"author":1,"featured_media":0,"parent":151,"menu_order":1,"comment_status":"closed","ping_status":"closed","template":"","meta":{"footnotes":""},"class_list":["post-160","page","type-page","status-publish","hentry"],"_links":{"self":[{"href":"https:\/\/gesamtschule-walsum.de\/index.php?rest_route=\/wp\/v2\/pages\/160","targetHints":{"allow":["GET"]}}],"collection":[{"href":"https:\/\/gesamtschule-walsum.de\/index.php?rest_route=\/wp\/v2\/pages"}],"about":[{"href":"https:\/\/gesamtschule-walsum.de\/index.php?rest_route=\/wp\/v2\/types\/page"}],"author":[{"embeddable":true,"href":"https:\/\/gesamtschule-walsum.de\/index.php?rest_route=\/wp\/v2\/users\/1"}],"replies":[{"embeddable":true,"href":"https:\/\/gesamtschule-walsum.de\/index.php?rest_route=%2Fwp%2Fv2%2Fcomments&post=160"}],"version-history":[{"count":38,"href":"https:\/\/gesamtschule-walsum.de\/index.php?rest_route=\/wp\/v2\/pages\/160\/revisions"}],"predecessor-version":[{"id":3333,"href":"https:\/\/gesamtschule-walsum.de\/index.php?rest_route=\/wp\/v2\/pages\/160\/revisions\/3333"}],"up":[{"embeddable":true,"href":"https:\/\/gesamtschule-walsum.de\/index.php?rest_route=\/wp\/v2\/pages\/151"}],"wp:attachment":[{"href":"https:\/\/gesamtschule-walsum.de\/index.php?rest_route=%2Fwp%2Fv2%2Fmedia&parent=160"}],"curies":[{"name":"wp","href":"https:\/\/api.w.org\/{rel}","templated":true}]}}