{"id":33,"date":"2018-06-19T11:30:17","date_gmt":"2018-06-19T09:30:17","guid":{"rendered":"https:\/\/gesamtschule-walsum.de\/?page_id=33"},"modified":"2018-11-24T18:59:19","modified_gmt":"2018-11-24T17:59:19","slug":"geschichte-der-gesamtschule-walsum","status":"publish","type":"page","link":"https:\/\/gesamtschule-walsum.de\/?page_id=33","title":{"rendered":"Geschichte der Gesamtschule Walsum"},"content":{"rendered":"<h4><strong>Gesamtschule Walsum 1987 bis 2016 \u2013 Schulgeschichte(n)<\/strong><\/h4>\n<p>Zusammengetragen von J\u00fcrgen Jahnke<\/p>\n<h4><strong>So fing es an!<\/strong><\/h4>\n<p>1987 bis 1996: Gr\u00fcndung und Aufbau<\/p>\n<p>Im Fr\u00fchjahr 1987 beschlie\u00dft der Rat der Stadt Duisburg, auch im Stadtteil Walsum eine\u00a0Gesamtschule zu errichten. Der Errichtungsbeschluss sieht eine f\u00fcnfz\u00fcgige Sekundarstufe I\u00a0und eine dreiz\u00fcgige Sekundarstufe II mit Unterbringung im Schulzentrum Driesenbusch vor.\u00a0Im Mai 1987 beginnen die umfangreichen Vorarbeiten f\u00fcr einen geordneten\u00a0Unterrichtsbetrieb f\u00fcr die 137 angemeldeten Sch\u00fcler und das 14-k\u00f6pfige\u00a0Gr\u00fcndungskollegium.\u00a0Zuerst ist die Schule r\u00e4umlich auf das Geb\u00e4ude an der Waldstra\u00dfe beschr\u00e4nkt, der Bezug des\u00a0Geb\u00e4udes Kurze Stra\u00dfe erfolgt erst zwei Jahre sp\u00e4ter mit dem \u00dcbergang der \u201ePilotsch\u00fcler\u201c in\u00a0den 7. Jahrgang.<\/p>\n<p>Der Neubau, der die Mensa und das P\u00e4dagogische Zentrum (kurz \u201ePZ\u201c genannt) beherbergen\u00a0soll, kann erst mit einer einj\u00e4hrigen Versp\u00e4tung zum Schuljahresbeginn 1990\/91 festlich\u00a0eingeweiht und bezogen werden.<\/p>\n<p>Der Errichtungsbeschluss von 1987 wird korrigiert: Auf Grund der allj\u00e4hrlich alle\u00a0Erwartungen \u00fcbertreffenden hohen Anmeldezahlen (212 \u2013 292) wird die generelle\u00a0Sechsz\u00fcgigkeit der Sekundarstufe 1 beschlossen.\u00a0Schon recht fr\u00fch, im Herbst 1992, beginnen die Vorbereitungen zum Aufbau der gymnasialen\u00a0Oberstufe, die dann im Schuljahr 1993\/94 mit achtundvierzig 11er Sch\u00fclern die Arbeit\u00a0beginnt.<\/p>\n<p>Der verz\u00f6gerte Baubeginn des neuen Schulgeb\u00e4udes am Beckersloh, das die Jahrg\u00e4nge 9 und\u00a010 sowie die Oberstufe aufnehmen soll, erzeugt eine Art von geordnetem Chaos, denn der 11.\u00a0Jahrgang sowie viele Klassen der Sekundarstufe 1 m\u00fcssen kreuz und quer im Geb\u00e4ude Kurze\u00a0Stra\u00dfe untergebracht werden und der komplette 6. Jahrgang wird in das alte\u00a0Hauptschulgeb\u00e4ude am N\u00fcnninghof ausgelagert.<\/p>\n<p>Erst im Fr\u00fchjahr 1995 kann das neue Beckersloh-Geb\u00e4ude bezogen werden: Die\u00a0Geb\u00e4ude\u00fcbernahme wird im Rahmen der offiziellen Einweihung am 10. Juni 1995 nat\u00fcrlich\u00a0geb\u00fchrend mit einem gut besuchten Schulfest gefeiert.<\/p>\n<p>Mit dem Eintritt unserer \u201ePilotsch\u00fcler\u201c in den 13. Jahrgang und mit der Zuweisung der letzten\u00a0elf zus\u00e4tzlichen neuen Kollegen endet die Aufbauphase der Gesamtschule Walsum. Mit\u00a0einem nunmehr 90-k\u00f6pfigen Kollegium ist unsere Schule stellenm\u00e4\u00dfig f\u00fcr kurze Zeit voll\u00a0besetzt: Immerhin wollen zu diesem Zeitpunkt ca. 1150 Sch\u00fclerinnen und Sch\u00fcler ausgebildet\u00a0und erzogen werden.<\/p>\n<p>Und genau diese knapp 1200 Menschen gruppieren sich im April 1996 auf der Wiese\u00a0zwischen unserer Schule und dem benachbarten Gymnasium, um vom Team eines\u00a0professionellen Fotostudios auf Zelluloid gebannt zu werden (Anmerkung: Heute macht\u00a0man so etwas wohl eher digital.)\u00a0Das vom F\u00f6rderverein finanzierte, drei Quadratmeter gro\u00dfe Foto versch\u00f6nert seitdem den\u00a0Verwaltungstrakt Kurze Stra\u00dfe.<\/p>\n<p>Wie aber steht die Gesamtschule Walsum nach erfolgtem Aufbau nun da?\u00a0Mit ihren vier Schulgeb\u00e4uden und den drei Schulh\u00f6fen, durch die auch noch ein \u00f6ffentlicher\u00a0Weg verl\u00e4uft, ist unsere Schule nicht so \u201ekompakt\u201c wie manch andere Schule, doch sie ist\u00a0eine \u2013 was sich auch in ihrem Namen widerspiegelt \u2013 etablierte, akzeptierte und stark\u00a0angew\u00e4hlte Stadtteilschule mit stabiler gymnasialer Oberstufe.<\/p>\n<h4><strong>So ging es weiter!<\/strong><\/h4>\n<p>1997 bis 2016: Ausbau und Wandel<\/p>\n<p>Schule unterliegt naturgem\u00e4\u00df einem Wandel, auch einem inhaltlichen. Der \u00dcbergang in das\u00a0neue Jahrtausend verl\u00e4uft eher ruhig und beschert unserer Schule einige unspektakul\u00e4re\u00a0Neuerungen: die Profil- und Klassenneubildung ab Klasse 9 wird auf den Weg gebracht und\u00a0Jahre sp\u00e4ter wieder abgeschafft, \u201eDarstellen &amp; Gestalten\u201c, \u201ePraktische Philosophie\u201c,\u00a0\u201eP\u00e4dagogik\u201c sowie viele neue \u201eNeigungsf\u00e4cher erweitern das F\u00e4cherangebot, ein M.I.N.T. \u2013\u00a0bzw. NW \u2013 Tag erfreut sich seit Jahren zunehmender Beliebtheit und zwei\u00a0Sozialp\u00e4dagoginnen nehmen ihren Dienst an der Gesamtschule Walsum auf.<\/p>\n<p>Aber auch die Kooperation von Schule und Wirtschaft gewinnt zunehmend an Bedeutung:\u00a0Von den Kooperationsvereinbarungen unserer Schule mit der Walsumer\u00a0Wirtschaftsgemeinschaft sowie namhaften Gro\u00dfbetrieben profitieren unsere Sch\u00fclerinnen und\u00a0Sch\u00fcler. Die Berufspraktika, zun\u00e4chst in den Jahrg\u00e4ngen 9 und 12 etabliert, werden derzeit in\u00a0den Jahrg\u00e4ngen 9, 10 und 11 durchgef\u00fchrt.\u00a0Zeitweise organisierte unsere Schule in Zusammenarbeit mit der IHK den \u201eBerufetag\u201c, der\u00a0unter gro\u00dfem Zulauf der Sch\u00fclerinnen und Sch\u00fcler aus Duisburgs Norden und unter\u00a0Beteiligung von im Schnitt 30 Unternehmen in der Statthalle Walsum stattfand.\u00a0Doch dann ist es mit dem sanft verlaufenden Wandel pl\u00f6tzlich zu Ende und von der Politik\u00a0hervorgerufene \u00c4nderungen sorgen in den letzten Jahren zunehmend f\u00fcr hektische Aktivit\u00e4ten\u00a0auf Seiten von Sch\u00fclern, Eltern und Lehrern. In die Hinterk\u00f6pfe der Schulgemeinde(n)\u00a0mei\u00dfeln sich Schlagworte wie<\/p>\n<ul style=\"list-style-type: disc;\">\n<li>Schulprogramm und Selbstst\u00e4ndige Schule<\/li>\n<li>Qualit\u00e4tssicherung und Evaluation<\/li>\n<li>Lernstandserhebungen und Zentrale Abschlusspr\u00fcfungen<\/li>\n<li>Schulinspektionen und Schulzeitmodelle (G8 vs. G9)<\/li>\n<li>Kernlernpl\u00e4ne und Schulgesetz<\/li>\n<li>Gemeinschaftsschulen und Haupt- \/ Realschulsterben<\/li>\n<li>Inklusion und Seiteneinsteigerklassen.<\/li>\n<\/ul>\n<p><strong>Und Theater!<\/strong><\/p>\n<p>Theater an der Gesamtschule Walsum ist auch ein Dauerbrenner geworden. Nein! Nicht\u00a0das Theater, das bisweilen undiszipliniert und respektlos erscheinende Sch\u00fclerinnen und\u00a0Sch\u00fcler t\u00e4glich veranstalten, sondern richtiges Theater \u2013 gro\u00dfes Theater:\u00a0Immer wieder \u2013 jedes Jahr aufs Neue gelingt es engagierten Kolleginnen und Kollegen\u00a0aus den verschiedensten Fachbereichen mit ihren Sch\u00fclerinnen und Sch\u00fclern\u00a0Auff\u00fchrungen \u201eauf die Bretter zu bringen\u201c, die die Stadthalle bzw. Mensa f\u00fcllen.\u00a0Zudem sorgen die 5er Einschulungsfeier, die 10er Entlass- und die Abiturfeier f\u00fcr\u00a0Unterhaltung und Kurzweil anl\u00e4sslich einiger H\u00f6hepunkte im Schuljahr.<\/p>\n","protected":false},"excerpt":{"rendered":"<p>Gesamtschule Walsum 1987 bis 2016 \u2013 Schulgeschichte(n) Zusammengetragen von J\u00fcrgen Jahnke So fing es an! 1987 bis 1996: Gr\u00fcndung und Aufbau Im Fr\u00fchjahr 1987 beschlie\u00dft der Rat der Stadt Duisburg, <a class=\"more-link\" href=\"https:\/\/gesamtschule-walsum.de\/?page_id=33\">&#8230; weiterlesen<\/a><\/p>\n","protected":false},"author":1,"featured_media":0,"parent":655,"menu_order":2,"comment_status":"closed","ping_status":"closed","template":"","meta":{"footnotes":""},"class_list":["post-33","page","type-page","status-publish","hentry"],"_links":{"self":[{"href":"https:\/\/gesamtschule-walsum.de\/index.php?rest_route=\/wp\/v2\/pages\/33","targetHints":{"allow":["GET"]}}],"collection":[{"href":"https:\/\/gesamtschule-walsum.de\/index.php?rest_route=\/wp\/v2\/pages"}],"about":[{"href":"https:\/\/gesamtschule-walsum.de\/index.php?rest_route=\/wp\/v2\/types\/page"}],"author":[{"embeddable":true,"href":"https:\/\/gesamtschule-walsum.de\/index.php?rest_route=\/wp\/v2\/users\/1"}],"replies":[{"embeddable":true,"href":"https:\/\/gesamtschule-walsum.de\/index.php?rest_route=%2Fwp%2Fv2%2Fcomments&post=33"}],"version-history":[{"count":3,"href":"https:\/\/gesamtschule-walsum.de\/index.php?rest_route=\/wp\/v2\/pages\/33\/revisions"}],"predecessor-version":[{"id":219,"href":"https:\/\/gesamtschule-walsum.de\/index.php?rest_route=\/wp\/v2\/pages\/33\/revisions\/219"}],"up":[{"embeddable":true,"href":"https:\/\/gesamtschule-walsum.de\/index.php?rest_route=\/wp\/v2\/pages\/655"}],"wp:attachment":[{"href":"https:\/\/gesamtschule-walsum.de\/index.php?rest_route=%2Fwp%2Fv2%2Fmedia&parent=33"}],"curies":[{"name":"wp","href":"https:\/\/api.w.org\/{rel}","templated":true}]}}