{"id":60,"date":"2018-06-28T11:40:18","date_gmt":"2018-06-28T09:40:18","guid":{"rendered":"https:\/\/gesamtschule-walsum.de\/?page_id=60"},"modified":"2019-04-08T09:20:39","modified_gmt":"2019-04-08T07:20:39","slug":"elternarbeit","status":"publish","type":"page","link":"https:\/\/gesamtschule-walsum.de\/?page_id=60","title":{"rendered":"Schulpflegschaft"},"content":{"rendered":"<p>Die Schulpflegschaft besteht aus den gew\u00e4hlten Vertreterinnen und Vertretern der einzelnen Klassenpflegschaften und der Jahrgangsstufen. Im Schuljahr 2018\/19 wurden Herr Markus Liberkowski zum Vorsitzenden und Frau Ina Schneider zur Stellvertreterin gew\u00e4hlt.<\/p>\n<p>Unsere Aufgabe besteht unter anderem darin, die Interessen der Eltern, und nat\u00fcrlich auch die Interessen ihrer Kinder, in unserer Schule zu vertreten. Um einen regelm\u00e4\u00dfigen Austausch zu gew\u00e4hrleisten, finden an vier feststehenden Terminen im Schuljahr Schulpflegschaftssitzungen statt. An diesen Sitzungen, an denen auch die Schulleitung teilnimmt, werden Informationen ausgetauscht, bekannte oder noch unbekannte Probleme und W\u00fcnsche angesprochen und diskutiert, bzw. L\u00f6sungen gemeinsam erarbeitet. Zus\u00e4tzlich werden aus dem Kreis der Schulpflegschaft sechs Elternvertreter gew\u00e4hlt, die dann an der Schulkonferenz teilnehmen. Diese findet ebenfalls an vier feststehenden Terminen, meist eine Woche nach den Pflegschaftssitzungen, statt. Die Schulkonferenz entscheidet z.B. \u00fcber m\u00f6gliche Antr\u00e4ge und besteht aus jeweils sechs Eltern-, Sch\u00fcler und Lehrervertretern.<\/p>\n<p>Der Vorstand der Schulpflegschaft bereitet zudem die Sitzungen in enger Absprache mit der Schulleitung vor, leitet diese und vermittelt bei Problemen innerhalb der einzelnen Parteien. Gerne sind wir auch Ansprechpartner bei Problemen rund um die Schule. Au\u00dferdem wirken Teilnehmer der Schulpflegschaft bei der Stadt- bzw. der Landeselternschaft mit, und stehen in engem Kontakt mit den politischen Gremien der Stadt Duisburg.<\/p>\n<p>Dies ist nur ein kleiner Einblick in die vielf\u00e4ltigen Arbeiten der Elternpflegschaft. Wir w\u00fcrden uns freuen, wenn viele Eltern die M\u00f6glichkeit nutzen, unsere Schule gemeinsam mit uns zu gestalten. Selbst mit geringem Engagement l\u00e4sst sich schon vieles verbessern.<\/p>\n<p>Herzlich willkommen bei der aktiven Mitbestimmung.<\/p>\n","protected":false},"excerpt":{"rendered":"<p>Die Schulpflegschaft besteht aus den gew\u00e4hlten Vertreterinnen und Vertretern der einzelnen Klassenpflegschaften und der Jahrgangsstufen. Im Schuljahr 2018\/19 wurden Herr Markus Liberkowski zum Vorsitzenden und Frau Ina Schneider zur Stellvertreterin <a class=\"more-link\" href=\"https:\/\/gesamtschule-walsum.de\/?page_id=60\">&#8230; weiterlesen<\/a><\/p>\n","protected":false},"author":1,"featured_media":0,"parent":37,"menu_order":3,"comment_status":"closed","ping_status":"closed","template":"","meta":{"footnotes":""},"class_list":["post-60","page","type-page","status-publish","hentry"],"_links":{"self":[{"href":"https:\/\/gesamtschule-walsum.de\/index.php?rest_route=\/wp\/v2\/pages\/60","targetHints":{"allow":["GET"]}}],"collection":[{"href":"https:\/\/gesamtschule-walsum.de\/index.php?rest_route=\/wp\/v2\/pages"}],"about":[{"href":"https:\/\/gesamtschule-walsum.de\/index.php?rest_route=\/wp\/v2\/types\/page"}],"author":[{"embeddable":true,"href":"https:\/\/gesamtschule-walsum.de\/index.php?rest_route=\/wp\/v2\/users\/1"}],"replies":[{"embeddable":true,"href":"https:\/\/gesamtschule-walsum.de\/index.php?rest_route=%2Fwp%2Fv2%2Fcomments&post=60"}],"version-history":[{"count":5,"href":"https:\/\/gesamtschule-walsum.de\/index.php?rest_route=\/wp\/v2\/pages\/60\/revisions"}],"predecessor-version":[{"id":847,"href":"https:\/\/gesamtschule-walsum.de\/index.php?rest_route=\/wp\/v2\/pages\/60\/revisions\/847"}],"up":[{"embeddable":true,"href":"https:\/\/gesamtschule-walsum.de\/index.php?rest_route=\/wp\/v2\/pages\/37"}],"wp:attachment":[{"href":"https:\/\/gesamtschule-walsum.de\/index.php?rest_route=%2Fwp%2Fv2%2Fmedia&parent=60"}],"curies":[{"name":"wp","href":"https:\/\/api.w.org\/{rel}","templated":true}]}}