{"id":64,"date":"2018-06-28T11:41:45","date_gmt":"2018-06-28T09:41:45","guid":{"rendered":"https:\/\/gesamtschule-walsum.de\/?page_id=64"},"modified":"2024-02-16T08:44:36","modified_gmt":"2024-02-16T07:44:36","slug":"schulleitung","status":"publish","type":"page","link":"https:\/\/gesamtschule-walsum.de\/?page_id=64","title":{"rendered":"Schulleitung"},"content":{"rendered":"<p><a href=\"https:\/\/gesamtschule-walsum.de\/wp-content\/uploads\/2018\/07\/Kors.jpg\"><img loading=\"lazy\" decoding=\"async\" class=\"alignleft wp-image-308\" src=\"https:\/\/gesamtschule-walsum.de\/wp-content\/uploads\/2018\/07\/Kors.jpg\" alt=\"\" width=\"150\" height=\"225\" srcset=\"https:\/\/gesamtschule-walsum.de\/wp-content\/uploads\/2018\/07\/Kors.jpg 378w, https:\/\/gesamtschule-walsum.de\/wp-content\/uploads\/2018\/07\/Kors-200x300.jpg 200w, https:\/\/gesamtschule-walsum.de\/wp-content\/uploads\/2018\/07\/Kors-100x150.jpg 100w\" sizes=\"auto, (max-width: 150px) 100vw, 150px\" \/><\/a>Schulleiter<\/p>\n<p><strong>Henning Korsten<\/strong><\/p>\n<p><span style=\"font-size: 10pt;\">Geb\u00e4ude Kurze Stra\u00dfe<\/span><\/p>\n<p><span style=\"font-size: 10pt;\">henning.korsten(at)ge-walsum.de<\/span><\/p>\n<p>&nbsp;<\/p>\n<p>&nbsp;<\/p>\n<p>&nbsp;<\/p>\n<p>stellvertretender Schulleiter<\/p>\n<p><strong>Uwe Sch\u00e4fer-Kopton<\/strong><\/p>\n<p><span style=\"font-size: 10pt;\">Geb\u00e4ude Kurze Stra\u00dfe<\/span><\/p>\n<p><span style=\"font-size: 10pt;\">uwe.schaefer-kopton(at)ge-walsum.de<\/span><\/p>\n<p>&nbsp;<\/p>\n<p>&nbsp;<\/p>\n<p><a href=\"http:\/\/gesamtschule-walsum.de\/wp-content\/uploads\/2020\/08\/Wein_k.jpg\"><img loading=\"lazy\" decoding=\"async\" class=\"alignleft wp-image-1526\" src=\"http:\/\/gesamtschule-walsum.de\/wp-content\/uploads\/2020\/08\/Wein_k.jpg\" alt=\"\" width=\"150\" height=\"225\" srcset=\"https:\/\/gesamtschule-walsum.de\/wp-content\/uploads\/2020\/08\/Wein_k.jpg 173w, https:\/\/gesamtschule-walsum.de\/wp-content\/uploads\/2020\/08\/Wein_k-100x150.jpg 100w\" sizes=\"auto, (max-width: 150px) 100vw, 150px\" \/><\/a><\/p>\n<p>Didaktischer Leiter<\/p>\n<p><strong>Benjamin Weinkauf<br \/>\n<\/strong><\/p>\n<p><span style=\"font-size: 10pt;\">Geb\u00e4ude Waldstra\u00dfe<\/span><\/p>\n<p><span style=\"font-size: 10pt;\">benjamin.weinkauf(at)ge-walsum.de<\/span><\/p>\n<p>&nbsp;<\/p>\n<p>&nbsp;<\/p>\n<p><a href=\"http:\/\/gesamtschule-walsum.de\/wp-content\/uploads\/2020\/08\/Scha_k.jpg\"><img loading=\"lazy\" decoding=\"async\" class=\"alignleft wp-image-1527\" src=\"http:\/\/gesamtschule-walsum.de\/wp-content\/uploads\/2020\/08\/Scha_k.jpg\" alt=\"\" width=\"150\" height=\"225\" srcset=\"https:\/\/gesamtschule-walsum.de\/wp-content\/uploads\/2020\/08\/Scha_k.jpg 173w, https:\/\/gesamtschule-walsum.de\/wp-content\/uploads\/2020\/08\/Scha_k-100x150.jpg 100w\" sizes=\"auto, (max-width: 150px) 100vw, 150px\" \/><\/a><\/p>\n<p>Abteilungsleiter der Oberstufe<\/p>\n<p><strong>Hendrik Schaffart<\/strong><\/p>\n<p><span style=\"font-size: 10pt;\">Geb\u00e4ude Beckersloh<\/span><\/p>\n<p><span style=\"font-size: 10pt;\">hendrik.schaffart(at)ge-walsum.de<\/span><\/p>\n<p>&nbsp;<\/p>\n<p>&nbsp;<\/p>\n<p><a href=\"http:\/\/gesamtschule-walsum.de\/wp-content\/uploads\/2020\/08\/Smil_k.jpg\"><img loading=\"lazy\" decoding=\"async\" class=\"alignleft wp-image-1528\" src=\"http:\/\/gesamtschule-walsum.de\/wp-content\/uploads\/2020\/08\/Smil_k.jpg\" alt=\"\" width=\"150\" height=\"225\" srcset=\"https:\/\/gesamtschule-walsum.de\/wp-content\/uploads\/2020\/08\/Smil_k.jpg 173w, https:\/\/gesamtschule-walsum.de\/wp-content\/uploads\/2020\/08\/Smil_k-100x150.jpg 100w\" sizes=\"auto, (max-width: 150px) 100vw, 150px\" \/><\/a><\/p>\n<p>Abteilungsleiter 9-10<\/p>\n<p><strong>Thomas Schmillenkamp<br \/>\n<\/strong><\/p>\n<p><span style=\"font-size: 10pt;\">Geb\u00e4ude Beckersloh<\/span><\/p>\n<p><span style=\"font-size: 10pt;\">thomas.schmillenkamp(at)ge-walsum.de<\/span><\/p>\n<p>&nbsp;<\/p>\n<p>&nbsp;<\/p>\n<p><a href=\"http:\/\/gesamtschule-walsum.de\/wp-content\/uploads\/2020\/08\/Nuyk02_k.jpg\"><img loading=\"lazy\" decoding=\"async\" class=\"alignleft wp-image-1524\" src=\"http:\/\/gesamtschule-walsum.de\/wp-content\/uploads\/2020\/08\/Nuyk02_k.jpg\" alt=\"\" width=\"150\" height=\"225\" srcset=\"https:\/\/gesamtschule-walsum.de\/wp-content\/uploads\/2020\/08\/Nuyk02_k.jpg 173w, https:\/\/gesamtschule-walsum.de\/wp-content\/uploads\/2020\/08\/Nuyk02_k-100x150.jpg 100w\" sizes=\"auto, (max-width: 150px) 100vw, 150px\" \/><\/a><\/p>\n<p>Abteilungsleiterin 7-8<\/p>\n<p><strong>Petra Nuyken<\/strong><\/p>\n<p><span style=\"font-size: 10pt;\">Geb\u00e4ude Kurze Stra\u00dfe<\/span><\/p>\n<p><span style=\"font-size: 10pt;\">petra.nuyken(at)ge-walsum.de<\/span><\/p>\n<p>&nbsp;<\/p>\n<p>&nbsp;<\/p>\n<p>Abteilungsleiter 5-6<\/p>\n<p><strong>\u00a0<\/strong><\/p>\n<p><span style=\"font-size: 10pt;\">Geb\u00e4ude Waldstra\u00dfe<\/span><\/p>\n<p><span style=\"font-size: 10pt;\">\u00a0<\/span><\/p>\n<p>&nbsp;<\/p>\n<p>&nbsp;<\/p>\n<p>Sie erreichen die Mitglieder der Schulleitung unter der Rufnummer: 0203 \u2013 48504 0<\/p>\n","protected":false},"excerpt":{"rendered":"<p>Schulleiter Henning Korsten Geb\u00e4ude Kurze Stra\u00dfe henning.korsten(at)ge-walsum.de &nbsp; &nbsp; &nbsp; stellvertretender Schulleiter Uwe Sch\u00e4fer-Kopton Geb\u00e4ude Kurze Stra\u00dfe uwe.schaefer-kopton(at)ge-walsum.de &nbsp; &nbsp; Didaktischer Leiter Benjamin Weinkauf Geb\u00e4ude Waldstra\u00dfe benjamin.weinkauf(at)ge-walsum.de &nbsp; &nbsp; Abteilungsleiter <a class=\"more-link\" href=\"https:\/\/gesamtschule-walsum.de\/?page_id=64\">&#8230; weiterlesen<\/a><\/p>\n","protected":false},"author":1,"featured_media":0,"parent":37,"menu_order":1,"comment_status":"closed","ping_status":"closed","template":"","meta":{"footnotes":""},"class_list":["post-64","page","type-page","status-publish","hentry"],"_links":{"self":[{"href":"https:\/\/gesamtschule-walsum.de\/index.php?rest_route=\/wp\/v2\/pages\/64","targetHints":{"allow":["GET"]}}],"collection":[{"href":"https:\/\/gesamtschule-walsum.de\/index.php?rest_route=\/wp\/v2\/pages"}],"about":[{"href":"https:\/\/gesamtschule-walsum.de\/index.php?rest_route=\/wp\/v2\/types\/page"}],"author":[{"embeddable":true,"href":"https:\/\/gesamtschule-walsum.de\/index.php?rest_route=\/wp\/v2\/users\/1"}],"replies":[{"embeddable":true,"href":"https:\/\/gesamtschule-walsum.de\/index.php?rest_route=%2Fwp%2Fv2%2Fcomments&post=64"}],"version-history":[{"count":24,"href":"https:\/\/gesamtschule-walsum.de\/index.php?rest_route=\/wp\/v2\/pages\/64\/revisions"}],"predecessor-version":[{"id":3125,"href":"https:\/\/gesamtschule-walsum.de\/index.php?rest_route=\/wp\/v2\/pages\/64\/revisions\/3125"}],"up":[{"embeddable":true,"href":"https:\/\/gesamtschule-walsum.de\/index.php?rest_route=\/wp\/v2\/pages\/37"}],"wp:attachment":[{"href":"https:\/\/gesamtschule-walsum.de\/index.php?rest_route=%2Fwp%2Fv2%2Fmedia&parent=64"}],"curies":[{"name":"wp","href":"https:\/\/api.w.org\/{rel}","templated":true}]}}