{"id":702,"date":"2018-11-24T18:58:38","date_gmt":"2018-11-24T17:58:38","guid":{"rendered":"https:\/\/gesamtschule-walsum.de\/?page_id=702"},"modified":"2026-03-12T23:15:15","modified_gmt":"2026-03-12T22:15:15","slug":"gebaeude","status":"publish","type":"page","link":"https:\/\/gesamtschule-walsum.de\/?page_id=702","title":{"rendered":"Geb\u00e4ude"},"content":{"rendered":"<p>Die Gesamtschule Walsum ist eine Ganztagsschule f\u00fcr ca. 1300 Sch\u00fclerinnen und Sch\u00fcler und ca. 100 Lehrerinnen und Lehrer. Die Jahrg\u00e4nge 5 und 6 befinden im Geb\u00e4ude Waldstra\u00dfe, die Jahrg\u00e4nge 7 und 8 im Geb\u00e4ude Nachtigallensteig und die Jahrg\u00e4nge 9 bis 13 im Geb\u00e4ude Beckersloh. Die Verwaltung und einige Fachr\u00e4ume finden sich in den Geb\u00e4uden der Kurzen Str.<\/p>\n<div id='gallery-1' class='gallery galleryid-702 gallery-columns-4 gallery-size-thumbnail'><figure class='gallery-item'>\n\t\t\t<div class='gallery-icon landscape'>\n\t\t\t\t<a href='https:\/\/gesamtschule-walsum.de\/wp-content\/uploads\/2018\/06\/CIMG7035.jpg'><img loading=\"lazy\" decoding=\"async\" width=\"150\" height=\"150\" src=\"https:\/\/gesamtschule-walsum.de\/wp-content\/uploads\/2018\/06\/CIMG7035-150x150.jpg\" class=\"attachment-thumbnail size-thumbnail\" alt=\"\" \/><\/a>\n\t\t\t<\/div><\/figure><figure class='gallery-item'>\n\t\t\t<div class='gallery-icon landscape'>\n\t\t\t\t<a href='https:\/\/gesamtschule-walsum.de\/wp-content\/uploads\/2018\/06\/CIMG7026.jpg'><img loading=\"lazy\" decoding=\"async\" width=\"150\" height=\"150\" src=\"https:\/\/gesamtschule-walsum.de\/wp-content\/uploads\/2018\/06\/CIMG7026-150x150.jpg\" class=\"attachment-thumbnail size-thumbnail\" alt=\"\" \/><\/a>\n\t\t\t<\/div><\/figure><figure class='gallery-item'>\n\t\t\t<div class='gallery-icon landscape'>\n\t\t\t\t<a href='https:\/\/gesamtschule-walsum.de\/wp-content\/uploads\/2018\/06\/CIMG7024.jpg'><img loading=\"lazy\" decoding=\"async\" width=\"150\" height=\"150\" src=\"https:\/\/gesamtschule-walsum.de\/wp-content\/uploads\/2018\/06\/CIMG7024-150x150.jpg\" class=\"attachment-thumbnail size-thumbnail\" alt=\"\" \/><\/a>\n\t\t\t<\/div><\/figure><figure class='gallery-item'>\n\t\t\t<div class='gallery-icon portrait'>\n\t\t\t\t<a href='https:\/\/gesamtschule-walsum.de\/wp-content\/uploads\/2026\/03\/DJI_20260310134617_0222_D-scaled.jpg'><img loading=\"lazy\" decoding=\"async\" width=\"150\" height=\"150\" src=\"https:\/\/gesamtschule-walsum.de\/wp-content\/uploads\/2026\/03\/DJI_20260310134617_0222_D-150x150.jpg\" class=\"attachment-thumbnail size-thumbnail\" alt=\"\" aria-describedby=\"gallery-1-3558\" \/><\/a>\n\t\t\t<\/div>\n\t\t\t\t<figcaption class='wp-caption-text gallery-caption' id='gallery-1-3558'>\n\t\t\t\t\u00a9Nikolay Dimitrov \/ Wirtschaftsbetriebe Duisburg\n\t\t\t\t<\/figcaption><\/figure>\n\t\t<\/div>\n\n<p>Sehen Sie <a href=\"https:\/\/gesamtschule-walsum.de\/?p=3156\">hier<\/a>, wie das Geb\u00e4ude Nachtigallensteig gewachsen ist.<\/p>\n<p><strong>Mensa<\/strong> (<a href=\"https:\/\/schollin.webmenue.info\/login.aspx\" target=\"_blank\" rel=\"noopener\">Speiseplan und Mensa-Login<\/a>)<\/p>\n<p>Alle Sch\u00fclerinnen und Sch\u00fcler k\u00f6nnen in ihrer Mittagspause ein Mittagessen in unserer Mensa bekommen. Alle Informationen zur Anmeldung entnehmen Sie bitte der <a href=\"https:\/\/gesamtschule-walsum.de\/wp-content\/uploads\/2018\/06\/Infobrosch\u00fcre_Mensa_2015.pdf\" target=\"_blank\" rel=\"noopener\">Infobrosch\u00fcre<\/a>.<\/p>\n<h4><strong>Bistro<\/strong><\/h4>\n<p>&#8230;<\/p>\n<h4><strong>Bibliothek<\/strong><\/h4>\n<p>&#8230;<\/p>\n","protected":false},"excerpt":{"rendered":"<p>Die Gesamtschule Walsum ist eine Ganztagsschule f\u00fcr ca. 1300 Sch\u00fclerinnen und Sch\u00fcler und ca. 100 Lehrerinnen und Lehrer. Die Jahrg\u00e4nge 5 und 6 befinden im Geb\u00e4ude Waldstra\u00dfe, die Jahrg\u00e4nge 7 <a class=\"more-link\" href=\"https:\/\/gesamtschule-walsum.de\/?page_id=702\">&#8230; weiterlesen<\/a><\/p>\n","protected":false},"author":1,"featured_media":0,"parent":655,"menu_order":1,"comment_status":"closed","ping_status":"closed","template":"","meta":{"footnotes":""},"class_list":["post-702","page","type-page","status-publish","hentry"],"_links":{"self":[{"href":"https:\/\/gesamtschule-walsum.de\/index.php?rest_route=\/wp\/v2\/pages\/702","targetHints":{"allow":["GET"]}}],"collection":[{"href":"https:\/\/gesamtschule-walsum.de\/index.php?rest_route=\/wp\/v2\/pages"}],"about":[{"href":"https:\/\/gesamtschule-walsum.de\/index.php?rest_route=\/wp\/v2\/types\/page"}],"author":[{"embeddable":true,"href":"https:\/\/gesamtschule-walsum.de\/index.php?rest_route=\/wp\/v2\/users\/1"}],"replies":[{"embeddable":true,"href":"https:\/\/gesamtschule-walsum.de\/index.php?rest_route=%2Fwp%2Fv2%2Fcomments&post=702"}],"version-history":[{"count":3,"href":"https:\/\/gesamtschule-walsum.de\/index.php?rest_route=\/wp\/v2\/pages\/702\/revisions"}],"predecessor-version":[{"id":3582,"href":"https:\/\/gesamtschule-walsum.de\/index.php?rest_route=\/wp\/v2\/pages\/702\/revisions\/3582"}],"up":[{"embeddable":true,"href":"https:\/\/gesamtschule-walsum.de\/index.php?rest_route=\/wp\/v2\/pages\/655"}],"wp:attachment":[{"href":"https:\/\/gesamtschule-walsum.de\/index.php?rest_route=%2Fwp%2Fv2%2Fmedia&parent=702"}],"curies":[{"name":"wp","href":"https:\/\/api.w.org\/{rel}","templated":true}]}}