{"id":806,"date":"2019-02-19T10:30:39","date_gmt":"2019-02-19T09:30:39","guid":{"rendered":"https:\/\/gesamtschule-walsum.de\/?page_id=806"},"modified":"2019-02-25T09:17:33","modified_gmt":"2019-02-25T08:17:33","slug":"klassenrat","status":"publish","type":"page","link":"https:\/\/gesamtschule-walsum.de\/?page_id=806","title":{"rendered":"Klassenrat"},"content":{"rendered":"<p>Im Laufe von Jahrgang 5 sollen alle Klassen unserer Schule den sog. Klassenrat kennen lernen. Einige unserer Sch\u00fclerinnen und Sch\u00fcler kennen das Element \u201eKlassenrat\u201c sogar bereits von der Grundschule.<\/p>\n<p>Im Kern geht es darum, Sch\u00fclerinnen und Sch\u00fclern schon fr\u00fch Partizipation zu erm\u00f6glichen.<\/p>\n<p>Vorteile des Klassenrats sind, dass die Gemeinschaft gef\u00f6rdert wird, die Sch\u00fclerinnen und Sch\u00fcler zus\u00e4tzliche, n\u00fctzliche Sozialkompetenzen erwerben, ihre Kommunikationsf\u00e4higkeiten trainieren und demokratisches Handeln erlernen.<\/p>\n<p>Konkret sieht der Klassenrat so aus, dass Sch\u00fclerinnen und Sch\u00fcler in regelm\u00e4\u00dfigen Abst\u00e4nden und in gesch\u00fctztem Rahmen ihre eigenen Anliegen mit den Mitsch\u00fclern diskutieren, L\u00f6sungen suchen und Entscheidungen treffen. Dabei entscheidet immer der Klassenrat \u00fcber die zu besprechenden Themen.<\/p>\n<p>Alle Sch\u00fclerinnen und Sch\u00fcler \u00fcbernehmen Rollen, die jeweils mit bestimmten Rechten und Pflichten verbunden sind.<\/p>\n<p>Anhand eines klar fest gelegten Ablaufs und gemeinsam vereinbarter Regeln kann die Klasse zielgerichtet diskutieren und zu Entscheidungen kommen.<\/p>\n<p>Als Schulgemeinschaft haben wir uns vor einigen Jahren f\u00fcr die Einf\u00fchrung eines einheitlichen Konzeptes entschieden. Alle Klassenlehrerinnen und -lehrer werden in den ersten Wochen des Schuljahres vom Beratungslehrer 5\/6 und einer Schulsozialp\u00e4dagogin \u00fcber dieses Konzept informiert, so dass sie dann im weiteren Verlauf den Klassenrat in ihrer eigenen Klasse einf\u00fchren k\u00f6nnen.<\/p>\n<p>Einmal richtig eingef\u00fchrt, entwickelt jede Klasse mit der Zeit f\u00fcr sich eine eigene \u201eVersion\u201c des Klassenrates. In diversen Lerngruppen werden noch im 10. Jahrgang Konflikte mit Hilfe des Klassenrates gel\u00f6st. Auch bei der Entscheidungsfindung zu diversen Fragen und Themen greifen Klassen gerne auf dieses Instrument zur\u00fcck.<\/p>\n","protected":false},"excerpt":{"rendered":"<p>Im Laufe von Jahrgang 5 sollen alle Klassen unserer Schule den sog. Klassenrat kennen lernen. Einige unserer Sch\u00fclerinnen und Sch\u00fcler kennen das Element \u201eKlassenrat\u201c sogar bereits von der Grundschule. Im <a class=\"more-link\" href=\"https:\/\/gesamtschule-walsum.de\/?page_id=806\">&#8230; weiterlesen<\/a><\/p>\n","protected":false},"author":1,"featured_media":0,"parent":111,"menu_order":4,"comment_status":"closed","ping_status":"closed","template":"","meta":{"footnotes":""},"class_list":["post-806","page","type-page","status-publish","hentry"],"_links":{"self":[{"href":"https:\/\/gesamtschule-walsum.de\/index.php?rest_route=\/wp\/v2\/pages\/806","targetHints":{"allow":["GET"]}}],"collection":[{"href":"https:\/\/gesamtschule-walsum.de\/index.php?rest_route=\/wp\/v2\/pages"}],"about":[{"href":"https:\/\/gesamtschule-walsum.de\/index.php?rest_route=\/wp\/v2\/types\/page"}],"author":[{"embeddable":true,"href":"https:\/\/gesamtschule-walsum.de\/index.php?rest_route=\/wp\/v2\/users\/1"}],"replies":[{"embeddable":true,"href":"https:\/\/gesamtschule-walsum.de\/index.php?rest_route=%2Fwp%2Fv2%2Fcomments&post=806"}],"version-history":[{"count":6,"href":"https:\/\/gesamtschule-walsum.de\/index.php?rest_route=\/wp\/v2\/pages\/806\/revisions"}],"predecessor-version":[{"id":813,"href":"https:\/\/gesamtschule-walsum.de\/index.php?rest_route=\/wp\/v2\/pages\/806\/revisions\/813"}],"up":[{"embeddable":true,"href":"https:\/\/gesamtschule-walsum.de\/index.php?rest_route=\/wp\/v2\/pages\/111"}],"wp:attachment":[{"href":"https:\/\/gesamtschule-walsum.de\/index.php?rest_route=%2Fwp%2Fv2%2Fmedia&parent=806"}],"curies":[{"name":"wp","href":"https:\/\/api.w.org\/{rel}","templated":true}]}}