{"id":81,"date":"2018-06-28T12:04:20","date_gmt":"2018-06-28T10:04:20","guid":{"rendered":"https:\/\/gesamtschule-walsum.de\/?page_id=81"},"modified":"2020-09-19T18:53:52","modified_gmt":"2020-09-19T16:53:52","slug":"abteilung-iii-jahrgaenge-9-10","status":"publish","type":"page","link":"https:\/\/gesamtschule-walsum.de\/?page_id=81","title":{"rendered":"Abteilung III &#8211; Jahrg\u00e4nge 9 und 10"},"content":{"rendered":"<p>Mit der Versetzung in die 9. Klasse \u00e4ndert sich vieles f\u00fcr unsere Sch\u00fclerinnen und Sch\u00fcler. Sie wechseln ins Geb\u00e4ude Beckersloh, in dem nicht nur die 9. und 10. Klassen, sondern auch die Oberstufe mit den Jahrgangsstufen 11 \u2013 13 (EF, Q1 und Q2) untergebracht sind.<\/p>\n<script>\r\n    jQuery(document).ready(function($){\r\n        \r\n                wizard_accordion  = $(\"#accordions-1235.accordions .items\").accordion({\r\n                    event: \"click\",\r\n                    collapsible:true,\r\n                    heightStyle: \"content\",\r\n                    animate: (\"linear\", 1000),\r\n                    navigation: true,\r\n                    active: 999999,\r\n                                        changestart: function(event, ui) {\r\n                        child.accordion(\"activate\", false);\r\n                    }\r\n                    });\r\n                    var child = $(\".child-accordion .items\").accordion({\r\n                        active:true,\r\n                                                heightStyle: \"content\",\r\n                        collapsible: true,\r\n                        animated: \"swing\",\r\n                    });\r\n                    $(\".previous, .next\").click(function () {\r\n                        var index = 0;\r\n                        console.log(\"gCurrentIndex:\"+gCurrentIndex);\r\n                        console.log(\"index:\"+index);\r\n                        if ($(this).hasClass(\"next\")) {\r\n                            index = gCurrentIndex + 1;\r\n                            if (index > ACCORDION_PANEL_COUNT ) {\r\n                                index = ACCORDION_PANEL_COUNT;\r\n                            }\r\n                        }\r\n                        else {\r\n                            index = gCurrentIndex - 1;\r\n                            if (index < 0) {\r\n                                index = 0;\r\n                            }\r\n                        }\r\n                        wizard_accordion.accordion(\"option\", \"active\", index);\r\n                    });\r\n\r\n                })\r\n<\/script><style type='text\/css'>\r\n#accordions-1235 {\r\n    text-align: left;\r\n}\r\n#accordions-1235{\r\n    background: url() repeat scroll 0 0;\r\n    padding: 0;\r\n}\r\n#accordions-1235 .accordions-head{\r\n    background:rgba(0,124,186, 1) none repeat scroll 0 0;\r\n    margin:1px;\r\n    padding:10px;\r\n}\r\n#accordions-1235 .accordions-head-title{\r\n    color:#ffffff;\r\n    font-size:14px;\r\n    font-family:Arial;\r\n}\r\n#accordions-1235 .accordions-head-title-toogle{\r\n    color:#ffffff;\r\n    font-size:14px;\r\n}\r\n#accordions-1235 .accordions-head:hover .accordions-head-title{\r\n    color:#ffffff;\r\n}\r\n#accordions-1235 .ui-state-active{\r\n    background: #004566;\r\n}\r\n#accordions-1235 .accordion-content{\r\n    background:rgba(255,255,255,1) none repeat scroll 0 0;\r\n    color:#333333;\r\n    font-size:18;\r\n    font-family:Arial;\r\n    margin:0;\r\n    padding:10px;\r\n}\r\n#accordions-1235 .accordion-icons{\r\n    color:#ffffff;\r\n    font-size:16px;\r\n    padding:0px;\r\n    background: ;\r\n}\r\n#accordions-1235 .accordions-head:hover .accordion-icons{\r\n    color:#ffffff;\r\n}\r\n\r\n#accordions-1235 .expand-collapse{\r\n    }\r\n\r\n\r\n\r\n@media screen and (min-width: 1200px) {\r\n    #accordions-1235 {\r\n        width: 100%;\r\n    }\r\n}\r\n\r\n@media screen and (max-width:1199px) and (min-width: 768px) {\r\n    #accordions-1235 {\r\n        width: 100%;\r\n    }\r\n}\r\n\r\n@media screen and (max-width: 767px) {\r\n    #accordions-1235 {\r\n        width: 100%;\r\n    }\r\n}\r\n\r\n\r\n\r\n\r\n<\/style>\r\n<div id=\"accordions-1235\" class=\"accordions accordions-themes rounded accordions-1235\">\r\n<div class=\"top-navs\">\r\n\r\n        \r\n\r\n<\/div>\r\n\r\n\t<div class=\"items\">\r\n\t    <div post_id=\"1235\" header_id=\"header-1579017971443\" id=\"header-1579017971443\" style=\"\" class=\"accordions-head head1579017971443\" toogle-text=\"\" main-text=\"Umstufungen\" >\r\n            <div class=\"accordion-icons left accordion-plus fa fas fa-chevron-up\"><\/div>\r\n        <div class=\"accordion-icons left accordion-minus fa fas fa-chevron-down\"><\/div>\r\n            <div id=\"header-text-1579017971443\"    class=\"accordions-head-title\">Umstufungen<\/div>\r\n        <\/div><div class=\"accordion-content content1579017971443\">\r\n    <p>Bis zum Ende des 9. Schuljahres k\u00f6nnen die Sch\u00fclerinnen und Sch\u00fcler in den F\u00e4chern der Zentralen Pr\u00fcfungen Deutsch, Englisch und Mathematik je nach Leistungsstand in Erweiterungs- und Grundkurse eingeteilt werden. Im 10. Schuljahr ist in diesen F\u00e4chern keine Umstufung durch die Zeugniskonferenz mehr vorgesehen. In Physik ist eine Umstufung in Ausnahmef\u00e4llen noch m\u00f6glich. Trotzdem z\u00e4hlt dieses Fach zu den Nebenf\u00e4chern, w\u00e4hrend das Wahlpflichtfach neben Deutsch, Englisch und Mathematik ein weiteres Hauptfach darstellt, in dem auch Arbeiten geschrieben werden. Alle anderen F\u00e4cher sind Nebenf\u00e4cher und werden weiterhin im Klassenverband unterrichtet.<\/p>\n<\/div>    <div post_id=\"1235\" header_id=\"header-1579019251825\" id=\"header-1579019251825\" style=\"\" class=\"accordions-head head1579019251825\" toogle-text=\"\" main-text=\"Abschl\u00fcsse\" >\r\n            <div class=\"accordion-icons left accordion-plus fa fas fa-chevron-up\"><\/div>\r\n        <div class=\"accordion-icons left accordion-minus fa fas fa-chevron-down\"><\/div>\r\n            <div id=\"header-text-1579019251825\"    class=\"accordions-head-title\">Abschl\u00fcsse<\/div>\r\n        <\/div><div class=\"accordion-content content1579019251825\">\r\n    <p>Die Sch\u00fclerinnen und Sch\u00fcler haben nun individuelle Schullaufbahnen eingeschlagen und streben unterschiedliche Abschl\u00fcsse an. Mit vier Grundkursen kann ein Hauptschulabschluss nach Klasse 10 vermittelt werden.<br \/>\nAlle Sch\u00fclerinnen und Sch\u00fcler, die \u00fcber zwei E-Kurse bis zum Ende der Klasse 9 verf\u00fcgen, k\u00f6nnen einen Mittleren Abschluss erreichen. (fr\u00fcher: Mittlere Reife)<br \/>\nDiejenigen, die \u00fcber drei oder vier E-Kurse verf\u00fcgen, streben einen Mittleren Abschluss mit oder ohne Qualifikation an. Erreichen sie durch gute Noten einen Qualifikationsvermerk, k\u00f6nnen sie nach Abschluss der 10. Klasse unsere Oberstufe zur Erreichung des Abiturs oder eine beruflich orientierte Fachschule besuchen oder eine Ausbildung beginnen.<\/p>\n<\/div>    <div post_id=\"1235\" header_id=\"header-1579019296313\" id=\"header-1579019296313\" style=\"\" class=\"accordions-head head1579019296313\" toogle-text=\"\" main-text=\"Zentrale Pr\u00fcfungen\" >\r\n            <div class=\"accordion-icons left accordion-plus fa fas fa-chevron-up\"><\/div>\r\n        <div class=\"accordion-icons left accordion-minus fa fas fa-chevron-down\"><\/div>\r\n            <div id=\"header-text-1579019296313\"    class=\"accordions-head-title\">Zentrale Pr\u00fcfungen<\/div>\r\n        <\/div><div class=\"accordion-content content1579019296313\">\r\n    <p>Seit einigen Jahren wird im zweiten Halbjahr des 10. Schuljahres eine Zentrale Pr\u00fcfung (ZP) in den F\u00e4chern Deutsch, Englisch und Mathematik durchgef\u00fchrt. Diese Pr\u00fcfungen finden im ganzen Land NRW jeweils am selben Tag statt. Die Pr\u00fcfungsergebnisse machen 50% der Jahres-Gesamtnote in den genannten F\u00e4chern aus.<\/p>\n<\/div>    <div post_id=\"1235\" header_id=\"header-1579166868499\" id=\"header-1579166868499\" style=\"\" class=\"accordions-head head1579166868499\" toogle-text=\"\" main-text=\"Betriebspraktika\" >\r\n            <div class=\"accordion-icons left accordion-plus fa fas fa-chevron-up\"><\/div>\r\n        <div class=\"accordion-icons left accordion-minus fa fas fa-chevron-down\"><\/div>\r\n            <div id=\"header-text-1579166868499\"    class=\"accordions-head-title\">Betriebspraktika<\/div>\r\n        <\/div><div class=\"accordion-content content1579166868499\">\r\n    <p>Bei allen angestrebten Abschl\u00fcssen unterst\u00fctzt die Gesamtschule Walsum bei der Berufswahl::<br \/>\nBeispielsweise werden durch gezielte Ma\u00dfnahmen zur Berufsorientierung in der Projektwoche, im Wirtschaftsunterricht und durch das Wahlpflichtfach \"Berufsorientierung\" berufliche Themen in den Vordergrund gestellt. Insbesondere die zweiw\u00f6chigen Betriebspraktika stellen in beiden Schuljahren einen wichtigen Kontakt zur Berufswelt dar. Im Rahmen dieser Erfahrung werden oft Berufsw\u00fcnsche entwickelt - oder es zeigt sich, dass der \"Traumjob\" in der Praxis gar nicht so w\u00fcnschenswert ist, wenn dessen Anforderungen ins Bewusstsein der Jugendlichen ger\u00fcckt werden.<\/p>\n<\/div>    <div post_id=\"1235\" header_id=\"header-1579166887020\" id=\"header-1579166887020\" style=\"\" class=\"accordions-head head1579166887020\" toogle-text=\"\" main-text=\"Projektwoche\" >\r\n            <div class=\"accordion-icons left accordion-plus fa fas fa-chevron-up\"><\/div>\r\n        <div class=\"accordion-icons left accordion-minus fa fas fa-chevron-down\"><\/div>\r\n            <div id=\"header-text-1579166887020\"    class=\"accordions-head-title\">Projektwoche<\/div>\r\n        <\/div><div class=\"accordion-content content1579166887020\">\r\n    <p>In der Projektwoche vor den Herbstferien stehen Betriebserkundungen, Bewerbungstraining und Besuche im Berufsinformationszentrum der Agentur f\u00fcr Arbeit im 9. Jahrgang im Vordergrund.<br \/>\nDer 10. Jahrgang f\u00fchrt in dieser Projektwoche eine Klassenfahrt durch, die dazu dient, durch gemeinsame Aktivit\u00e4ten und Erlebnisse den Zusammenhalt in der Klassengemeinschaft zu f\u00f6rdern. Dies kommt der Arbeitsphase im zweiten Halbjahr zugute, in der die Noten f\u00fcr ein Zeugnis mit dem bestm\u00f6glichen Abschluss erarbeitet werden m\u00fcssen.<\/p>\n<p>Dar\u00fcber hinaus nehmen nach Interessen ausgew\u00e4hlte Sch\u00fcler\/innengruppen an unterschiedlichen Ma\u00dfnahmen der beruflichen Orientierung teil. Herr Leistner als Berufswahlkoordinator und Beratungslehrer ist f\u00fcr diese Ma\u00dfnahmen zust\u00e4ndiger Ansprechpartner.<\/p>\n<p>Der \u00dcbergang ins Berufsleben steht also im Mittelpunkt der Abschlussphase der Sekundarstufe I.<\/p>\n<\/div>    <div post_id=\"1235\" header_id=\"header-1579166905268\" id=\"header-1579166905268\" style=\"\" class=\"accordions-head head1579166905268\" toogle-text=\"\" main-text=\"Beratungsschwerpunkte\" >\r\n            <div class=\"accordion-icons left accordion-plus fa fas fa-chevron-up\"><\/div>\r\n        <div class=\"accordion-icons left accordion-minus fa fas fa-chevron-down\"><\/div>\r\n            <div id=\"header-text-1579166905268\"    class=\"accordions-head-title\">Beratungsschwerpunkte<\/div>\r\n        <\/div><div class=\"accordion-content content1579166905268\">\r\n    <p>Zum Thema \"\u00dcbergang ins Berufsleben\" geh\u00f6rt auch der Besuch bei unserer Berufsberaterin Frau Kahle von der Agentur f\u00fcr Arbeit, die monatlich zu Gespr\u00e4chen in die Schule kommt. So findet f\u00fcr die Sch\u00fclerinnen und Sch\u00fcler, die am Ende der 9. Klasse bereits ihre Schulpflicht beendet haben, eine Fr\u00fchabg\u00e4nger-Beratung statt. F\u00fcr alle Zehntkl\u00e4ssler besteht regelm\u00e4\u00dfig die M\u00f6glichkeit zu qualifizierter Beratung in der Schule. Der rege Gebrauch dieses Beratungsangebotes zeigt, dass die meisten Sch\u00fclerinnen und Sch\u00fcler erkannt haben, wie wichtig es ist, sich rechtzeitig mit einer Ausbildung oder mit schulischer Weiterbildung nach Klasse 10 auseinanderzusetzen.<\/p>\n<p>Beratung nicht allein in beruflichen, sondern auch in schulischen und pers\u00f6nlichen Belangen \u00fcbernehmen die Beratungslehrer Herr Leistner und Herr Aky\u00fcn und die\u00a0<a href=\"https:\/\/gesamtschule-walsum.de\/?page_id=124\">Sozialp\u00e4dagoginnen Frau Boros Devi und Frau Stenzel<\/a>.<\/p>\n<p>Ein ganz entscheidender Unterschied zu den vorhergehenden Jahrg\u00e4ngen liegt in der Tatsache, dass in den Klassen 9 und 10 nicht sitzen geblieben werden kann - sondern muss, wenn die Voraussetzungen zur Versetzung nicht erreicht werden! Mit Ausnahme der F\u00e4cher der Zentralen Pr\u00fcfungen \u00a0in Klasse 10 muss m\u00f6glicherweise am Ende der Sommerferien eine Nachpr\u00fcfung abgelegt werden.<\/p>\n<p>Unser Beratungsschwerpunkt liegt in der umfassenden individuellen Laufbahnberatung aller Sch\u00fcler und Sch\u00fclerinnen, damit jede\/r unsere Schule mit dem h\u00f6chstm\u00f6glichen Abschluss nach Klasse 10 verlassen oder in unsere Oberstufe \u00fcbergehen kann!<\/p>\n<\/div>    <div post_id=\"1235\" header_id=\"header-1579166935756\" id=\"header-1579166935756\" style=\"\" class=\"accordions-head head1579166935756\" toogle-text=\"\" main-text=\"Langzeitpraktikumsklasse 9G\" >\r\n            <div class=\"accordion-icons left accordion-plus fa fas fa-chevron-up\"><\/div>\r\n        <div class=\"accordion-icons left accordion-minus fa fas fa-chevron-down\"><\/div>\r\n            <div id=\"header-text-1579166935756\"    class=\"accordions-head-title\">Langzeitpraktikumsklasse 9G<\/div>\r\n        <\/div><div class=\"accordion-content content1579166935756\">\r\n    <p>Seit dem Schuljahr 2015\/16 bieten wir Sch\u00fclerinnen und Sch\u00fclern, die ihre Vollzeitschulpflicht vor dem Erreichen des 10. Jahrgangs beenden und voraussichtlich keinen Ausbildungsplatz finden werden, die Teilnahme in einer Langzeitpraktikums - Klasse (LZP) an.\u00a0(Seit 2001 f\u00fchrten wir dieses Projekt unter dem Namen BUS \u2013 Klasse.)<\/p>\n<p>An drei Tagen je Woche werden sie in acht F\u00e4chern (18 Unterrichtsstunden)\u00a0unterrichtet, an zwei Tagen nehmen sie an einem Praktikum (8 Stunden) teil.<\/p>\n<p>Die Sch\u00fclerinnen und Sch\u00fcler suchen sich gemeinsam mit ihren Erziehungsberechtigten einen Praktikumsbetrieb nach ihren W\u00fcnschen und beruflichen Neigungen.<\/p>\n<p>Jeweils vor den Herbstferien und den Osterferien sind die Sch\u00fclerinnen und\u00a0Sch\u00fcler drei Wochen am St\u00fcck im Praktikumsbetrieb t\u00e4tig.<\/p>\n<p>Das Langzeitpraktikum soll den Sch\u00fclerinnen und Sch\u00fclern vor allem einen \u00dcbergang in ein Ausbildungsverh\u00e4ltnis erm\u00f6glichen.<\/p>\n<p>Der Hauptschulabschluss nach Klasse 9 ist m\u00f6glich, jedoch nicht zwingend erforderlich, denn nach bestandener Gesellen\/ Facharbeiter \u2013 Pr\u00fcfung erhalten\u00a0die Auszubildenden automatisch den Hauptschulabschluss nach Klasse 10.<\/p>\n<p>Dieses Projekt ist an unserer Schule sehr erfolgreich, die Bilanz ist positiv. Viele Sch\u00fclerinnen und Sch\u00fcler k\u00f6nnen an Ausbildungsbetriebe vermittelt werden.<\/p>\n<\/div>\r\n\t<\/div>\r\n<\/div>\r\n\t\t\r\n\n<p data-wp-editing=\"1\"><a href=\"http:\/\/gesamtschule-walsum.de\/wp-content\/uploads\/2020\/08\/Smil_k.jpg\"><img loading=\"lazy\" decoding=\"async\" class=\"alignleft wp-image-1528\" src=\"http:\/\/gesamtschule-walsum.de\/wp-content\/uploads\/2020\/08\/Smil_k.jpg\" alt=\"\" width=\"50\" height=\"75\" srcset=\"https:\/\/gesamtschule-walsum.de\/wp-content\/uploads\/2020\/08\/Smil_k.jpg 173w, https:\/\/gesamtschule-walsum.de\/wp-content\/uploads\/2020\/08\/Smil_k-100x150.jpg 100w\" sizes=\"auto, (max-width: 50px) 100vw, 50px\" \/><\/a><\/p>\n<p data-wp-editing=\"1\">Thomas Schmillenkamp, Abteilungsleiter 9\/10<\/p>\n<p><span style=\"border-radius: 2px; text-indent: 20px; width: auto; padding: 0px 4px 0px 0px; text-align: center; font: bold 11px\/20px 'Helvetica Neue',Helvetica,sans-serif; color: #ffffff; background: #bd081c no-repeat scroll 3px 50% \/ 14px 14px; position: absolute; opacity: 1; z-index: 8675309; display: none; cursor: pointer;\">Merken<\/span><\/p>\n","protected":false},"excerpt":{"rendered":"<p>Mit der Versetzung in die 9. Klasse \u00e4ndert sich vieles f\u00fcr unsere Sch\u00fclerinnen und Sch\u00fcler. Sie wechseln ins Geb\u00e4ude Beckersloh, in dem nicht nur die 9. und 10. Klassen, sondern <a class=\"more-link\" href=\"https:\/\/gesamtschule-walsum.de\/?page_id=81\">&#8230; weiterlesen<\/a><\/p>\n","protected":false},"author":1,"featured_media":0,"parent":695,"menu_order":3,"comment_status":"closed","ping_status":"closed","template":"","meta":{"footnotes":""},"class_list":["post-81","page","type-page","status-publish","hentry"],"_links":{"self":[{"href":"https:\/\/gesamtschule-walsum.de\/index.php?rest_route=\/wp\/v2\/pages\/81","targetHints":{"allow":["GET"]}}],"collection":[{"href":"https:\/\/gesamtschule-walsum.de\/index.php?rest_route=\/wp\/v2\/pages"}],"about":[{"href":"https:\/\/gesamtschule-walsum.de\/index.php?rest_route=\/wp\/v2\/types\/page"}],"author":[{"embeddable":true,"href":"https:\/\/gesamtschule-walsum.de\/index.php?rest_route=\/wp\/v2\/users\/1"}],"replies":[{"embeddable":true,"href":"https:\/\/gesamtschule-walsum.de\/index.php?rest_route=%2Fwp%2Fv2%2Fcomments&post=81"}],"version-history":[{"count":14,"href":"https:\/\/gesamtschule-walsum.de\/index.php?rest_route=\/wp\/v2\/pages\/81\/revisions"}],"predecessor-version":[{"id":1553,"href":"https:\/\/gesamtschule-walsum.de\/index.php?rest_route=\/wp\/v2\/pages\/81\/revisions\/1553"}],"up":[{"embeddable":true,"href":"https:\/\/gesamtschule-walsum.de\/index.php?rest_route=\/wp\/v2\/pages\/695"}],"wp:attachment":[{"href":"https:\/\/gesamtschule-walsum.de\/index.php?rest_route=%2Fwp%2Fv2%2Fmedia&parent=81"}],"curies":[{"name":"wp","href":"https:\/\/api.w.org\/{rel}","templated":true}]}}