{"id":98,"date":"2018-06-28T12:18:29","date_gmt":"2018-06-28T10:18:29","guid":{"rendered":"https:\/\/gesamtschule-walsum.de\/?page_id=98"},"modified":"2020-01-16T11:03:41","modified_gmt":"2020-01-16T10:03:41","slug":"aktivitaeten","status":"publish","type":"page","link":"https:\/\/gesamtschule-walsum.de\/?page_id=98","title":{"rendered":"Aktivit\u00e4ten"},"content":{"rendered":"<script>\r\n    jQuery(document).ready(function($){\r\n        \r\n                wizard_accordion  = $(\"#accordions-1239.accordions .items\").accordion({\r\n                    event: \"click\",\r\n                    collapsible:true,\r\n                    heightStyle: \"content\",\r\n                    animate: (\"linear\", 1000),\r\n                    navigation: true,\r\n                    active: 999999,\r\n                                        changestart: function(event, ui) {\r\n                        child.accordion(\"activate\", false);\r\n                    }\r\n                    });\r\n                    var child = $(\".child-accordion .items\").accordion({\r\n                        active:true,\r\n                                                heightStyle: \"content\",\r\n                        collapsible: true,\r\n                        animated: \"swing\",\r\n                    });\r\n                    $(\".previous, .next\").click(function () {\r\n                        var index = 0;\r\n                        console.log(\"gCurrentIndex:\"+gCurrentIndex);\r\n                        console.log(\"index:\"+index);\r\n                        if ($(this).hasClass(\"next\")) {\r\n                            index = gCurrentIndex + 1;\r\n                            if (index > ACCORDION_PANEL_COUNT ) {\r\n                                index = ACCORDION_PANEL_COUNT;\r\n                            }\r\n                        }\r\n                        else {\r\n                            index = gCurrentIndex - 1;\r\n                            if (index < 0) {\r\n                                index = 0;\r\n                            }\r\n                        }\r\n                        wizard_accordion.accordion(\"option\", \"active\", index);\r\n                    });\r\n\r\n                })\r\n<\/script><style type='text\/css'>\r\n#accordions-1239 {\r\n    text-align: left;\r\n}\r\n#accordions-1239{\r\n    background: url() repeat scroll 0 0;\r\n    padding: 0;\r\n}\r\n#accordions-1239 .accordions-head{\r\n    background:rgba(0,124,186, 1) none repeat scroll 0 0;\r\n    margin:1px;\r\n    padding:10px;\r\n}\r\n#accordions-1239 .accordions-head-title{\r\n    color:#ffffff;\r\n    font-size:14px;\r\n    font-family:Arial;\r\n}\r\n#accordions-1239 .accordions-head-title-toogle{\r\n    color:#ffffff;\r\n    font-size:14px;\r\n}\r\n#accordions-1239 .accordions-head:hover .accordions-head-title{\r\n    color:#ffffff;\r\n}\r\n#accordions-1239 .ui-state-active{\r\n    background: #004566;\r\n}\r\n#accordions-1239 .accordion-content{\r\n    background:rgba(255,255,255,1) none repeat scroll 0 0;\r\n    color:#333333;\r\n    font-size:18;\r\n    font-family:Arial;\r\n    margin:0;\r\n    padding:10px;\r\n}\r\n#accordions-1239 .accordion-icons{\r\n    color:#ffffff;\r\n    font-size:16px;\r\n    padding:0px;\r\n    background: ;\r\n}\r\n#accordions-1239 .accordions-head:hover .accordion-icons{\r\n    color:#ffffff;\r\n}\r\n\r\n#accordions-1239 .expand-collapse{\r\n    }\r\n\r\n\r\n\r\n@media screen and (min-width: 1200px) {\r\n    #accordions-1239 {\r\n        width: 100%;\r\n    }\r\n}\r\n\r\n@media screen and (max-width:1199px) and (min-width: 768px) {\r\n    #accordions-1239 {\r\n        width: 100%;\r\n    }\r\n}\r\n\r\n@media screen and (max-width: 767px) {\r\n    #accordions-1239 {\r\n        width: 100%;\r\n    }\r\n}\r\n\r\n\r\n\r\n\r\n<\/style>\r\n<div id=\"accordions-1239\" class=\"accordions accordions-themes rounded accordions-1239\">\r\n<div class=\"top-navs\">\r\n\r\n        \r\n\r\n<\/div>\r\n\r\n\t<div class=\"items\">\r\n\t    <div post_id=\"1239\" header_id=\"header-1579017971443\" id=\"header-1579017971443\" style=\"\" class=\"accordions-head head1579017971443\" toogle-text=\"\" main-text=\"Offenes Angebot\" >\r\n            <div class=\"accordion-icons left accordion-plus fa fas fa-chevron-up\"><\/div>\r\n        <div class=\"accordion-icons left accordion-minus fa fas fa-chevron-down\"><\/div>\r\n            <div id=\"header-text-1579017971443\"    class=\"accordions-head-title\">Offenes Angebot<\/div>\r\n        <\/div><div class=\"accordion-content content1579017971443\">\r\n    <p>Im\u00a0<strong>Bistro<\/strong>\u00a0finden die Sch\u00fclerinnen und Sch\u00fcler einen gem\u00fctlichen Ort, um ihre Pausen zu verbringen. Hier kann gegessen, gequatscht und gechillt werden. Aber auch Karten- und Gesellschaftsspiele sind sehr beliebt bei den Sch\u00fclerinnen und Sch\u00fcler.<\/p>\n<p>In regelm\u00e4\u00dfigen Abst\u00e4nden werden in den Mittagspausen verschiedenen Aktionen, wie z.B. Kreativangebote oder Gruppenspiele, angeboten. Hier k\u00f6nnen die Sch\u00fclerinnen und Sch\u00fcler auch gerne eigene Ideen und W\u00fcnsche einbringen.<\/p>\n<p><strong>Fr\u00fchtreff:<\/strong><\/p>\n<p>Sch\u00fclerinnen und Sch\u00fcler,\u00a0 die schon fr\u00fch an der Schule sind, k\u00f6nnen jeden Morgen von 07.30 bis 08:10 Uhr im Bistro bei einer hei\u00dfen Tasse Tee in den Tag starten, Freunde treffen und quatschen.<\/p>\n<\/div>    <div post_id=\"1239\" header_id=\"header-1579019251825\" id=\"header-1579019251825\" style=\"\" class=\"accordions-head head1579019251825\" toogle-text=\"\" main-text=\"Arbeitsgemeinschaften\" >\r\n            <div class=\"accordion-icons left accordion-plus fa fas fa-chevron-up\"><\/div>\r\n        <div class=\"accordion-icons left accordion-minus fa fas fa-chevron-down\"><\/div>\r\n            <div id=\"header-text-1579019251825\"    class=\"accordions-head-title\">Arbeitsgemeinschaften<\/div>\r\n        <\/div><div class=\"accordion-content content1579019251825\">\r\n    <p>Die Gesamtschule Walsum verf\u00fcgt \u00fcber ein breites Angebot an Arbeitsgemeinschaft f\u00fcr alle Jahrg\u00e4nge aus der Sekundarstufe I. F\u00fcr die Jahrg\u00e4nge 5 und 6 finden die AG\u00b4s am Freitagnachmittag in der 7. Und 8. Stunde statt und f\u00fcr die \u00fcbrigen Jahrg\u00e4nge (7 bis 10) am Mittwochnachmittag in der 8. Und 9. Stunde. Die Sch\u00fclerinnen und Sch\u00fcler w\u00e4hlen zu Beginn des Halbjahres die gew\u00fcnschte Arbeitsgemeinschaft, die jeweils f\u00fcr ein Schulhalbjahr verbindlich zu besuchen ist.<\/p>\n<p><strong>AG-Angebote f\u00fcr die Jahrg\u00e4nge 5 und 6:<\/strong><\/p>\n<ul>\n<li>Fu\u00dfball Jungen<\/li>\n<li>Nichtschwimmer<\/li>\n<li>Klima<\/li>\n<li>Tischtennis<\/li>\n<li>Modelleisenbahn<\/li>\n<li>Stop-Motion-Filme<\/li>\n<li>Spiele und Spa\u00df<\/li>\n<li>Sportschwimmen<\/li>\n<li>Irish Stepp Dancing<\/li>\n<li>Sch\u00fclerb\u00fccherei<\/li>\n<li>Rollhockey<\/li>\n<li>Computer<\/li>\n<li>Wilde Kunst<\/li>\n<li>Schulgarten<\/li>\n<li>Broadsword<\/li>\n<\/ul>\n<p><strong>AG-Angebote f\u00fcr die Jahrg\u00e4nge 7 bis 10:<\/strong><\/p>\n<ul>\n<li>M.I.N.T AG<\/li>\n<li>Irish Step Dancing<\/li>\n<li>Mofa AG<\/li>\n<\/ul>\n<p>In der Mofa-AG werden die Sch\u00fclerinnen und Sch\u00fcler viele fahrpraktische \u00dcbungen auf dem Schulhof durchf\u00fchren und auf die theoretische Pr\u00fcfung zum Erwerb der Fahrerlaubnis vorbereitet. Dieser Kurs f\u00f6rdert nicht nur das sicherheitsbewusste Verhalten im Stra\u00dfenverkehr und das Erkennen und Bew\u00e4ltigen von Gefahren, sondern vermittelt ebenso alle notwendigen Verkehrsvorschriften, die auch zum Erwerb des Autof\u00fchrerscheins wichtig sind. Es stehen 3 Benzinroller und ein Elektroroller zur Verf\u00fcgung, so dass die Teilnehmeranzahl auf maximal 16 Sch\u00fclerinnen und Sch\u00fcler pro Halbjahr begrenzt ist. Die Teilnahmegeb\u00fchr betr\u00e4gt 25\u20ac und ist somit die g\u00fcnstige Alternative zur Fahrschule.<\/p>\n<ul>\n<li>Stop-Motion-Filme<\/li>\n<li>Fu\u00dfball Ag Jungen<\/li>\n<li>Segel AG<\/li>\n<li>Highland Broadsword<\/li>\n<li>Hip-Hop-Dance<\/li>\n<li>Eisenbahn AG<\/li>\n<li>Badminton<\/li>\n<li>Erlebnis Arbeitswelt<\/li>\n<li>Popgesang\/Popband<\/li>\n<li>AG - H\u00e4keln, Handarbeiten<\/li>\n<li>Schulgarten<\/li>\n<li>Sch\u00fclerbibliothek<\/li>\n<li>Rapgesang<\/li>\n<li>Fahrrad AG<\/li>\n<\/ul>\n<\/div>\r\n\t<\/div>\r\n<\/div>\r\n\t\t\r\n\n","protected":false},"excerpt":{"rendered":"","protected":false},"author":1,"featured_media":0,"parent":655,"menu_order":4,"comment_status":"closed","ping_status":"closed","template":"","meta":{"footnotes":""},"class_list":["post-98","page","type-page","status-publish","hentry"],"_links":{"self":[{"href":"https:\/\/gesamtschule-walsum.de\/index.php?rest_route=\/wp\/v2\/pages\/98","targetHints":{"allow":["GET"]}}],"collection":[{"href":"https:\/\/gesamtschule-walsum.de\/index.php?rest_route=\/wp\/v2\/pages"}],"about":[{"href":"https:\/\/gesamtschule-walsum.de\/index.php?rest_route=\/wp\/v2\/types\/page"}],"author":[{"embeddable":true,"href":"https:\/\/gesamtschule-walsum.de\/index.php?rest_route=\/wp\/v2\/users\/1"}],"replies":[{"embeddable":true,"href":"https:\/\/gesamtschule-walsum.de\/index.php?rest_route=%2Fwp%2Fv2%2Fcomments&post=98"}],"version-history":[{"count":7,"href":"https:\/\/gesamtschule-walsum.de\/index.php?rest_route=\/wp\/v2\/pages\/98\/revisions"}],"predecessor-version":[{"id":1240,"href":"https:\/\/gesamtschule-walsum.de\/index.php?rest_route=\/wp\/v2\/pages\/98\/revisions\/1240"}],"up":[{"embeddable":true,"href":"https:\/\/gesamtschule-walsum.de\/index.php?rest_route=\/wp\/v2\/pages\/655"}],"wp:attachment":[{"href":"https:\/\/gesamtschule-walsum.de\/index.php?rest_route=%2Fwp%2Fv2%2Fmedia&parent=98"}],"curies":[{"name":"wp","href":"https:\/\/api.w.org\/{rel}","templated":true}]}}